{"id":1015,"date":"2025-03-08T08:25:03","date_gmt":"2025-03-08T08:25:03","guid":{"rendered":"https:\/\/hausarztpraxis-markgr\u00f6ningen.de\/?page_id=1015"},"modified":"2025-07-28T11:57:37","modified_gmt":"2025-07-28T11:57:37","slug":"impressum","status":"publish","type":"page","link":"https:\/\/hausarztpraxis-markgr\u00f6ningen.de\/?page_id=1015","title":{"rendered":"Impressum"},"content":{"rendered":"\t\t<div data-elementor-type=\"wp-page\" data-elementor-id=\"1015\" class=\"elementor elementor-1015\">\n\t\t\t\t<div class=\"elementor-element elementor-element-795a8b9 e-flex e-con-boxed e-con e-parent\" data-id=\"795a8b9\" data-element_type=\"container\" data-e-type=\"container\">\n\t\t\t\t\t<div class=\"e-con-inner\">\n\t\t<a class=\"elementor-element elementor-element-a37a513 e-con-full e-flex e-con e-child\" data-id=\"a37a513\" data-element_type=\"container\" data-e-type=\"container\" data-settings=\"{&quot;background_background&quot;:&quot;classic&quot;}\" href=\"https:\/\/www.hausarztpraxis-markgr\u00f6ningen.de\">\n\t\t\t\t<\/a>\n\t\t<div class=\"elementor-element elementor-element-da7636c e-con-full e-flex e-con e-child\" data-id=\"da7636c\" data-element_type=\"container\" data-e-type=\"container\">\n\t\t\t\t<div class=\"elementor-element elementor-element-5515a88 eael-simple-menu-hamburger-align-center eael-hamburger--mobile elementor-widget-tablet__width-inherit elementor-widget elementor-widget-eael-simple-menu\" data-id=\"5515a88\" data-element_type=\"widget\" data-e-type=\"widget\" data-widget_type=\"eael-simple-menu.default\">\n\t\t\t\t<div class=\"elementor-widget-container\">\n\t\t\t\t\t<style>\n                        @media screen and (max-width: 767px) {\n                            .eael-hamburger--mobile {\n                                .eael-simple-menu-horizontal,\n                                .eael-simple-menu-vertical {\n                                    display: none;\n                                }\n                            }\n                            .eael-hamburger--mobile {\n                                .eael-simple-menu-container .eael-simple-menu-toggle {\n                                    display: block;\n                                }\n                            }\n                        }\n                        .eael-simple-menu-container.eael-simple-menu--loading > ul {\n                            display: -webkit-box !important;\n                            display: -ms-flexbox !important;\n                            display: flex !important;\n                            list-style: none !important;\n                        }\n                        .eael-simple-menu-container.eael-simple-menu--loading li ul {\n                            visibility: hidden !important;\n                            opacity: 0 !important;\n                        }\n                    <\/style>            <div data-hamburger-icon=\"&lt;svg aria-hidden=&quot;true&quot; class=&quot;e-font-icon-svg e-fas-bars&quot; viewBox=&quot;0 0 448 512&quot; xmlns=&quot;http:\/\/www.w3.org\/2000\/svg&quot;&gt;&lt;path d=&quot;M16 132h416c8.837 0 16-7.163 16-16V76c0-8.837-7.163-16-16-16H16C7.163 60 0 67.163 0 76v40c0 8.837 7.163 16 16 16zm0 160h416c8.837 0 16-7.163 16-16v-40c0-8.837-7.163-16-16-16H16c-8.837 0-16 7.163-16 16v40c0 8.837 7.163 16 16 16zm0 160h416c8.837 0 16-7.163 16-16v-40c0-8.837-7.163-16-16-16H16c-8.837 0-16 7.163-16 16v40c0 8.837 7.163 16 16 16z&quot;&gt;&lt;\/path&gt;&lt;\/svg&gt;\" data-indicator-icon=\"&lt;svg aria-hidden=&quot;true&quot; class=&quot;e-font-icon-svg e-fas-angle-down&quot; viewBox=&quot;0 0 320 512&quot; xmlns=&quot;http:\/\/www.w3.org\/2000\/svg&quot;&gt;&lt;path d=&quot;M143 352.3L7 216.3c-9.4-9.4-9.4-24.6 0-33.9l22.6-22.6c9.4-9.4 24.6-9.4 33.9 0l96.4 96.4 96.4-96.4c9.4-9.4 24.6-9.4 33.9 0l22.6 22.6c9.4 9.4 9.4 24.6 0 33.9l-136 136c-9.2 9.4-24.4 9.4-33.8 0z&quot;&gt;&lt;\/path&gt;&lt;\/svg&gt;\" data-dropdown-indicator-icon=\"&lt;svg class=&quot;e-font-icon-svg e-fas-angle-down&quot; viewBox=&quot;0 0 320 512&quot; xmlns=&quot;http:\/\/www.w3.org\/2000\/svg&quot;&gt;&lt;path d=&quot;M143 352.3L7 216.3c-9.4-9.4-9.4-24.6 0-33.9l22.6-22.6c9.4-9.4 24.6-9.4 33.9 0l96.4 96.4 96.4-96.4c9.4-9.4 24.6-9.4 33.9 0l22.6 22.6c9.4 9.4 9.4 24.6 0 33.9l-136 136c-9.2 9.4-24.4 9.4-33.8 0z&quot;&gt;&lt;\/path&gt;&lt;\/svg&gt;\" class=\"eael-simple-menu-container eael-simple-menu--loading eael-simple-menu-align-center eael-simple-menu--stretch eael-simple-menu-dropdown-align-left preset-2\" data-hamburger-breakpoints=\"{&quot;mobile&quot;:&quot;Mobile Portrait (&gt; 767px)&quot;,&quot;tablet&quot;:&quot;Tablet Portrait (&gt; 1024px)&quot;,&quot;desktop&quot;:&quot;Desktop (&gt; 2400px)&quot;,&quot;none&quot;:&quot;None&quot;}\" data-hamburger-device=\"mobile\">\n                <ul id=\"menu-hauptmenue\" class=\"eael-simple-menu eael-simple-menu-dropdown-animate-to-top eael-simple-menu-indicator eael-simple-menu-horizontal\"><li id=\"menu-item-661\" class=\"menu-item menu-item-type-post_type menu-item-object-page menu-item-has-children menu-item-661\"><a href=\"https:\/\/hausarztpraxis-markgr\u00f6ningen.de\/?page_id=655\">Leistungen<\/a>\n<ul class=\"sub-menu\">\n\t<li id=\"menu-item-584\" class=\"menu-item menu-item-type-post_type menu-item-object-page menu-item-584\"><a href=\"https:\/\/hausarztpraxis-markgr\u00f6ningen.de\/?page_id=353\">Allgemeinmedizin<\/a><\/li>\n\t<li id=\"menu-item-583\" class=\"menu-item menu-item-type-post_type menu-item-object-page menu-item-583\"><a href=\"https:\/\/hausarztpraxis-markgr\u00f6ningen.de\/?page_id=419\">Kompliment\u00e4rmedizin<\/a><\/li>\n\t<li id=\"menu-item-576\" class=\"menu-item menu-item-type-post_type menu-item-object-page menu-item-576\"><a href=\"https:\/\/hausarztpraxis-markgr\u00f6ningen.de\/?page_id=425\">Vorsorge<\/a><\/li>\n\t<li id=\"menu-item-580\" class=\"menu-item menu-item-type-post_type menu-item-object-page menu-item-580\"><a href=\"https:\/\/hausarztpraxis-markgr\u00f6ningen.de\/?page_id=462\">Diagnostik<\/a><\/li>\n\t<li id=\"menu-item-581\" class=\"menu-item menu-item-type-post_type menu-item-object-page menu-item-581\"><a href=\"https:\/\/hausarztpraxis-markgr\u00f6ningen.de\/?page_id=459\">Antr\u00e4ge<\/a><\/li>\n\t<li id=\"menu-item-582\" class=\"menu-item menu-item-type-post_type menu-item-object-page menu-item-582\"><a href=\"https:\/\/hausarztpraxis-markgr\u00f6ningen.de\/?page_id=457\">Palliativmedizin<\/a><\/li>\n<\/ul>\n<\/li>\n<li id=\"menu-item-577\" class=\"menu-item menu-item-type-post_type menu-item-object-page menu-item-577\"><a href=\"https:\/\/hausarztpraxis-markgr\u00f6ningen.de\/?page_id=387\">Praxis<\/a><\/li>\n<li id=\"menu-item-723\" class=\"menu-item menu-item-type-post_type menu-item-object-page menu-item-723\"><a href=\"https:\/\/hausarztpraxis-markgr\u00f6ningen.de\/?page_id=721\">Aktuelles<\/a><\/li>\n<li id=\"menu-item-610\" class=\"menu-item menu-item-type-post_type menu-item-object-page menu-item-has-children menu-item-610\"><a href=\"https:\/\/hausarztpraxis-markgr\u00f6ningen.de\/?page_id=589\">Service<\/a>\n<ul class=\"sub-menu\">\n\t<li id=\"menu-item-615\" class=\"menu-item menu-item-type-post_type menu-item-object-page menu-item-615\"><a href=\"https:\/\/hausarztpraxis-markgr\u00f6ningen.de\/?page_id=312\">Kontakt<\/a><\/li>\n\t<li id=\"menu-item-614\" class=\"menu-item menu-item-type-post_type menu-item-object-page menu-item-614\"><a href=\"https:\/\/hausarztpraxis-markgr\u00f6ningen.de\/?page_id=493\">Anfahrt &#038; Parken<\/a><\/li>\n\t<li id=\"menu-item-612\" class=\"menu-item menu-item-type-post_type menu-item-object-page menu-item-612\"><a href=\"https:\/\/hausarztpraxis-markgr\u00f6ningen.de\/?page_id=521\">Rezepte &#038; \u00dcberweisungen<\/a><\/li>\n\t<li id=\"menu-item-613\" class=\"menu-item menu-item-type-post_type menu-item-object-page menu-item-613\"><a href=\"https:\/\/hausarztpraxis-markgr\u00f6ningen.de\/?page_id=499\">Notfall<\/a><\/li>\n\t<li id=\"menu-item-611\" class=\"menu-item menu-item-type-post_type menu-item-object-page menu-item-611\"><a href=\"https:\/\/hausarztpraxis-markgr\u00f6ningen.de\/?page_id=543\">Links<\/a><\/li>\n<\/ul>\n<\/li>\n<\/ul>                <button class=\"eael-simple-menu-toggle\">\n                    <span class=\"sr-only \">Hamburger Toggle Menu<\/span>\n                    <svg aria-hidden=\"true\" class=\"e-font-icon-svg e-fas-bars\" viewBox=\"0 0 448 512\" xmlns=\"http:\/\/www.w3.org\/2000\/svg\"><path d=\"M16 132h416c8.837 0 16-7.163 16-16V76c0-8.837-7.163-16-16-16H16C7.163 60 0 67.163 0 76v40c0 8.837 7.163 16 16 16zm0 160h416c8.837 0 16-7.163 16-16v-40c0-8.837-7.163-16-16-16H16c-8.837 0-16 7.163-16 16v40c0 8.837 7.163 16 16 16zm0 160h416c8.837 0 16-7.163 16-16v-40c0-8.837-7.163-16-16-16H16c-8.837 0-16 7.163-16 16v40c0 8.837 7.163 16 16 16z\"><\/path><\/svg>                <\/button>\n            <\/div>\n            \t\t\t\t<\/div>\n\t\t\t\t<\/div>\n\t\t\t\t<\/div>\n\t\t\t\t\t<\/div>\n\t\t\t\t<\/div>\n\t\t<div class=\"elementor-element elementor-element-915d967 e-flex e-con-boxed e-con e-parent\" data-id=\"915d967\" data-element_type=\"container\" data-e-type=\"container\" data-settings=\"{&quot;background_background&quot;:&quot;classic&quot;}\">\n\t\t\t\t\t<div class=\"e-con-inner\">\n\t\t<div class=\"elementor-element elementor-element-8544dfc e-con-full e-flex e-con e-child\" data-id=\"8544dfc\" data-element_type=\"container\" data-e-type=\"container\" data-settings=\"{&quot;background_background&quot;:&quot;classic&quot;}\">\n\t\t\t\t<div class=\"elementor-element elementor-element-51d2f95 elementor-widget elementor-widget-text-editor\" data-id=\"51d2f95\" data-element_type=\"widget\" data-e-type=\"widget\" data-widget_type=\"text-editor.default\">\n\t\t\t\t<div class=\"elementor-widget-container\">\n\t\t\t\t\t\t\t\t\t<h3>Impressum:<\/h3><p>f\u00fcr den Internetauftritt der<\/p><p>Haus\u00e4rztlichen Gemeinschaftspraxis Markgr\u00f6ningen<br \/>Gerberg\u00e4\u00dfle 10 in 71706 Markgr\u00f6ningen<br \/>Telefon: 07145 \/ 8098<br \/>Email: <a href=\"&#x6d;&#x61;&#x69;&#x6c;&#x74;&#111;&#58;&#105;&#110;fo&#64;&#x68;&#x61;&#x75;&#x73;&#x61;&#x72;&#122;&#116;&#112;rax&#x69;&#x73;&#x2d;&#x6d;&#x61;&#x72;&#107;&#103;&#114;\u00f6ni&#x6e;&#x67;&#x65;&#x6e;&#x2e;&#x64;&#101;\">in&#102;&#111;&#64;&#x68;&#x61;&#x75;&#x73;ar&#122;&#116;&#112;&#x72;&#x61;&#x78;&#x69;s-&#109;&#97;&#114;&#x6b;&#x67;&#x72;\u00f6n&#105;&#110;&#103;&#x65;&#x6e;&#x2e;&#x64;e&#46;&#100;&#101;<\/a><\/p><p><b> Verantwortlich gem\u00e4\u00df \u00a7 5 TMG (Telemediengesetz)<\/b><br \/>Die Berufsaus\u00fcbungsgemeinschaft (BAG) der Kollegen<\/p><p>Dr. med. Michael Friederich und Dr. med. Dagmar Neuffer-Lutzmann<br \/>Gerberg\u00e4\u00dfle 10, 71706 Markgr\u00f6ningen<\/p><p class=\"m-size-17 size-24\"><strong><span class=\"m-font-size-17 font-size-24\">Aufsichtsbeh\u00f6rde<\/span><\/strong><\/p><p>Kassen\u00e4rztliche Vereinigung Baden-W\u00fcrttemberg<br \/>Albstadtweg 11<br \/>70567 Stuttgart<\/p><p><a href=\"https:\/\/www.kvbawue.de\/\" type=\"url\">https:\/\/www.kvbawue.de\/<\/a><\/p><p class=\"m-size-17 size-24\"><span class=\"m-font-size-17 font-size-24\">Berufsbezeichnung und berufsrechtliche Regelungen:<\/span><\/p><p>Berufsbezeichnung: Arzt, \u00c4rztin<\/p><p>Zust\u00e4ndige Kammer: Landes\u00e4rztekammer Baden-W\u00fcrttemberg<\/p><p>Verliehen in: Bundesrepublik Deutschland<\/p><p>Es gelten folgende berufsrechtliche Regelungen: Berufsordnung der \u00c4rzte Baden-W\u00fcrttembergs Regelungen einsehbar unter:<\/p><p><a href=\"https:\/\/www.aerztekammer-bw.de\/\" target=\"_blank\" rel=\"noopener\" type=\"url\">https:\/\/www.aerztekammer-bw.de\/10aerzte\/40merkblaetter\/20recht\/05kammerrecht\/bo.pdf<\/a><\/p><p class=\"m-size-17 size-24\"><span class=\"m-font-size-17 font-size-24\">Verbraucherstreitbeilegung\/ Universalschlichtungsstelle<\/span><\/p><p>Wir sind nicht bereit oder verpflichtet, an Streitbeilegungsverfahren vor einer Verbraucherschlichtungsstelle teilzunehmen.<\/p><p><b>Angaben zur Berufshaftpflichtversicherung:<\/b><br \/>Name und Sitz der Gesellschaft: R+V Versicherung, Wiesbaden<\/p><p><b>Berufsrechtliche Regelungen:<\/b><br \/>Bundes\u00e4rzteordnung: http:\/\/www.gesetze-im-internet.de\/bundesrecht\/b_o\/gesamt.pdf<br \/>Berufsordnung \u00c4rzte: www.aerztekammer-bw.de\/20\/arztrecht\/05kammerrecht\/bo.pdf<br \/>Weiterbildungsordnung \u00c4rzte: http:\/\/www.aerztekammer-bw.de\/10aerzte\/30weiterbildung\/09\/wbo.pdf<br \/>Approbationsbeh\u00f6rde: https:\/\/rp.baden-wuerttemberg.de\/Themen\/Bildung\/Ausbildung\/Ausbildung-Arzt\/Seiten\/Approbation_Inland.aspx<br \/>Regierungspr\u00e4sidium Stuttgart, Nordbahnhofstr. 135, 70191 Stuttgart<br \/>Geb\u00fchrenordnung f\u00fcr \u00c4rzte, Go\u00c4: http:\/\/www.aerztekammer-bw.de\/10aerzte\/42goae\/volltext.pdf \u2013 1,8\/2,3 bis 3,5-facher Geb\u00fchrensatz leistungs- und aufwandabh\u00e4ngig<\/p><p><b>Hinweis auf EU-Streitschlichtung<\/b><br \/>Die Europ\u00e4ische Kommission stellt eine Plattform zur Online-Streitbeilegung (OS) bereit:<br \/>http:\/\/ec.europa.eu\/consumers\/odr<\/p><p><b>Haftungsausschluss (Disclaimer)<\/b><\/p><p><b>Haftung f\u00fcr Inhalte<\/b><br \/>Als Diensteanbieter sind wir gem\u00e4\u00df \u00a7 7 Abs.1 TMG f\u00fcr eigene Inhalte auf diesen Seiten nach den allgemeinen Gesetzen verantwortlich. Nach \u00a7\u00a7 8 bis 10 TMG sind wir als Diensteanbieter jedoch nicht verpflichtet, \u00fcbermittelte oder gespeicherte fremde Informationen zu \u00fcberwachen oder nach Umst\u00e4nden zu forschen, die auf eine rechtswidrige T\u00e4tigkeit hinweisen. Verpflichtungen zur Entfernung oder Sperrung der Nutzung von Informationen nach den allgemeinen Gesetzen bleiben hiervon unber\u00fchrt. Eine diesbez\u00fcgliche Haftung ist jedoch erst ab dem Zeitpunkt der Kenntnis einer konkreten Rechtsverletzung m\u00f6glich. Bei Bekanntwerden von entsprechenden Rechtsverletzungen werden wir diese Inhalte umgehend entfernen.<\/p><p><b>Haftung f\u00fcr Links<\/b><br \/>Unser Angebot enth\u00e4lt Links zu externen Webseiten Dritter, auf deren Inhalte wir keinen Einfluss haben. Deshalb k\u00f6nnen wir f\u00fcr diese fremden Inhalte auch keine Gew\u00e4hr \u00fcbernehmen. F\u00fcr die Inhalte der verlinkten Seiten ist stets der jeweilige Anbieter oder Betreiber der Seiten verantwortlich. Die verlinkten Seiten wurden zum Zeitpunkt der Verlinkung auf m\u00f6gliche Rechtsverst\u00f6\u00dfe \u00fcberpr\u00fcft. Rechtswidrige Inhalte waren zum Zeitpunkt der Verlinkung nicht erkennbar. Eine permanente inhaltliche Kontrolle der verlinkten Seiten ist jedoch ohne konkrete Anhaltspunkte einer Rechtsverletzung nicht zumutbar. Bei Bekanntwerden von Rechtsverletzungen werden wir derartige Links umgehend entfernen.<\/p><p><b>Urheberrecht<\/b><br \/>Die durch die Seitenbetreiber erstellten Inhalte und Werke auf diesen Seiten unterliegen dem deutschen Urheberrecht. Die Vervielf\u00e4ltigung, Bearbeitung, Verbreitung und jede Art der Verwertung au\u00dferhalb der Grenzen des Urheberrechtes bed\u00fcrfen der schriftlichen Zustimmung des jeweiligen Autors bzw. Erstellers. Downloads und Kopien dieser Seite sind nur f\u00fcr den privaten, nicht kommerziellen Gebrauch gestattet. Soweit die Inhalte auf dieser Seite nicht vom Betreiber erstellt wurden, werden die Urheberrechte Dritter beachtet. Insbesondere werden Inhalte Dritter als solche gekennzeichnet. Sollten Sie trotzdem auf eine Urheberrechtsverletzung aufmerksam werden, bitten wir um einen entsprechenden Hinweis. Bei Bekanntwerden von Rechtsverletzungen werden wir derartige Inhalte umgehend entfernen.<\/p>\t\t\t\t\t\t\t\t<\/div>\n\t\t\t\t<\/div>\n\t\t\t\t<\/div>\n\t\t\t\t\t<\/div>\n\t\t\t\t<\/div>\n\t\t<div class=\"elementor-element elementor-element-c4f4283 e-flex e-con-boxed e-con e-parent\" data-id=\"c4f4283\" data-element_type=\"container\" data-e-type=\"container\">\n\t\t\t\t\t<div class=\"e-con-inner\">\n\t\t\t\t<div class=\"elementor-element elementor-element-ffa19d4 elementor-widget elementor-widget-spacer\" data-id=\"ffa19d4\" data-element_type=\"widget\" data-e-type=\"widget\" data-widget_type=\"spacer.default\">\n\t\t\t\t<div class=\"elementor-widget-container\">\n\t\t\t\t\t\t\t<div class=\"elementor-spacer\">\n\t\t\t<div class=\"elementor-spacer-inner\"><\/div>\n\t\t<\/div>\n\t\t\t\t\t\t<\/div>\n\t\t\t\t<\/div>\n\t\t\t\t\t<\/div>\n\t\t\t\t<\/div>\n\t\t<div class=\"elementor-element elementor-element-8f6c7c4 e-flex e-con-boxed e-con e-parent\" data-id=\"8f6c7c4\" data-element_type=\"container\" data-e-type=\"container\" data-settings=\"{&quot;background_background&quot;:&quot;classic&quot;}\">\n\t\t\t\t\t<div class=\"e-con-inner\">\n\t\t<div class=\"elementor-element elementor-element-c68c6da e-grid e-con-full e-con e-child\" data-id=\"c68c6da\" data-element_type=\"container\" data-e-type=\"container\" data-settings=\"{&quot;background_background&quot;:&quot;classic&quot;}\">\n\t\t<div class=\"elementor-element elementor-element-17a82f0 e-con-full e-flex e-con e-child\" data-id=\"17a82f0\" data-element_type=\"container\" data-e-type=\"container\" data-settings=\"{&quot;background_background&quot;:&quot;classic&quot;}\">\n\t\t\t\t<\/div>\n\t\t\t\t<div class=\"elementor-element elementor-element-2b71fb4 elementor-widget elementor-widget-text-editor\" data-id=\"2b71fb4\" data-element_type=\"widget\" data-e-type=\"widget\" data-widget_type=\"text-editor.default\">\n\t\t\t\t<div class=\"elementor-widget-container\">\n\t\t\t\t\t\t\t\t\t<div class=\"ce_sHtml5Start footer-col block\"><div class=\"ce_text block\"><div id=\"ce-7884\" class=\"ce-inside\"><h5>Telefonsprechzeiten<\/h5><table><tbody><tr><td><div>Mo<\/div><\/td><td><div>09:00\u201311:00 &amp; 15:00\u201317:00<\/div><\/td><\/tr><tr><td><div>Di<\/div><\/td><td><div>09:00\u201311:00 &amp; 15:00\u201317:00<\/div><\/td><\/tr><tr><td><div>Mi<\/div><\/td><td><div>09:00\u201311:00 &amp; 15:00\u201317:00<\/div><\/td><\/tr><tr><td><div>Do<\/div><\/td><td><div>09:00\u201311:00 &amp; 15:00\u201317:00<\/div><\/td><\/tr><tr><td><div>Fr<\/div><\/td><td><div>09:00\u201311:00<\/div><\/td><\/tr><\/tbody><\/table><\/div><\/div><\/div>\t\t\t\t\t\t\t\t<\/div>\n\t\t\t\t<\/div>\n\t\t\t\t<div class=\"elementor-element elementor-element-9804997 elementor-widget elementor-widget-text-editor\" data-id=\"9804997\" data-element_type=\"widget\" data-e-type=\"widget\" data-widget_type=\"text-editor.default\">\n\t\t\t\t<div class=\"elementor-widget-container\">\n\t\t\t\t\t\t\t\t\t<h5>Kontakt<\/h5><p>Haus\u00e4rztliche Gemeinschaftspraxis Markgr\u00f6ningen<\/p><p>Gerberg\u00e4\u00dfle 10<br \/>71706 Markgr\u00f6ningen<\/p><p><a href=\"tel:004971458098\">Telefon: 07145 8098<\/a><\/p><p><a href=\"&#109;&#97;&#x69;l&#116;&#x6f;&#x3a;i&#110;&#x66;&#x6f;&#64;&#104;&#x61;&#x75;s&#97;&#x72;&#x7a;t&#112;&#x72;&#x61;x&#105;&#x73;-&#109;&#97;&#x72;k&#103;&#x72;\u00f6&#110;&#x69;&#x6e;g&#101;&#x6e;&#x2e;d&#101;\">&#x49;n&#x66;&#111;&#x40;&#72;a&#x75;s&#x61;&#114;&#x7a;&#116;p&#x72;&#97;&#x78;&#105;s&#x2d;M&#x61;&#114;&#x6b;&#103;r\u00f6&#x6e;&#105;&#x6e;&#x67;e&#x6e;&#46;&#x64;&#101;<\/a><\/p>\t\t\t\t\t\t\t\t<\/div>\n\t\t\t\t<\/div>\n\t\t\t\t<div class=\"elementor-element elementor-element-ce14c09 elementor-widget elementor-widget-text-editor\" data-id=\"ce14c09\" data-element_type=\"widget\" data-e-type=\"widget\" data-widget_type=\"text-editor.default\">\n\t\t\t\t<div class=\"elementor-widget-container\">\n\t\t\t\t\t\t\t\t\t<h5 class=\"ce_headline\">Hilfreiche Links<\/h5><p id=\"navi-footer\" class=\"mod_customnav navi block\"><a href=\"https:\/\/hausarztpraxis-markgr\u00f6ningen.de\/?page_id=312\">Kontakt &amp; Sprechzeiten<\/a><\/p><nav class=\"mod_customnav navi block\"><p><a href=\"https:\/\/hausarztpraxis-markgr\u00f6ningen.de\/?page_id=493\">Anfahrt &amp; Lage<\/a><\/p><p><a href=\"https:\/\/hausarztpraxis-markgr\u00f6ningen.de\/?page_id=521\">Rezepte &amp; \u00dcberweisungen<\/a><\/p><p><a href=\"https:\/\/hausarztpraxis-markgr\u00f6ningen.de\/?page_id=499\">Notfall<\/a><\/p><\/nav>\t\t\t\t\t\t\t\t<\/div>\n\t\t\t\t<\/div>\n\t\t\t\t<\/div>\n\t\t\t\t<div class=\"elementor-element elementor-element-fb678df elementor-widget__width-inherit elementor-widget elementor-widget-text-editor\" data-id=\"fb678df\" data-element_type=\"widget\" data-e-type=\"widget\" data-widget_type=\"text-editor.default\">\n\t\t\t\t<div class=\"elementor-widget-container\">\n\t\t\t\t\t\t\t\t\t<p>\u00a0<\/p><p>\u00a9 2025\u00a0\u00a0\u00a0 <a href=\"http:\/\/www.hausarztpraxis-markgr\u00f6ningen.de\/\">Haus\u00e4rztliche Gemeinschaftspraxis Markgr\u00f6ningen<\/a> \u00a0\u00a0 | \u00a0\u00a0 <a href=\"https:\/\/hausarztpraxis-markgr\u00f6ningen.de\/?page_id=1015\">Impressum<\/a> &amp; <a href=\"https:\/\/hausarztpraxis-markgr\u00f6ningen.de\/?page_id=1033\">Datenschutz<\/a>\u00a0<\/p>\t\t\t\t\t\t\t\t<\/div>\n\t\t\t\t<\/div>\n\t\t\t\t\t<\/div>\n\t\t\t\t<\/div>\n\t\t\t\t<\/div>\n\t\t","protected":false},"excerpt":{"rendered":"<p>Leistungen Allgemeinmedizin Kompliment\u00e4rmedizin Vorsorge Diagnostik Antr\u00e4ge Palliativmedizin Praxis Aktuelles Service Kontakt Anfahrt &#038; Parken Rezepte &#038; \u00dcberweisungen Notfall Links Hamburger Toggle Menu Impressum: f\u00fcr den Internetauftritt der Haus\u00e4rztlichen Gemeinschaftspraxis Markgr\u00f6ningenGerberg\u00e4\u00dfle 10 in 71706 Markgr\u00f6ningenTelefon: 07145 \/ 8098Email: &#105;&#x6e;&#102;&#x6f;&#64;&#x68;a&#x75;s&#x61;r&#122;&#x74;&#112;&#x72;&#97;&#x78;&#105;&#x73;-&#x6d;a&#x72;k&#103;&#x72;\u00f6&#110;&#x69;&#110;&#x67;e&#x6e;&#46;&#x64;e&#46;&#x64;&#101; Verantwortlich gem\u00e4\u00df \u00a7 5 TMG (Telemediengesetz)Die Berufsaus\u00fcbungsgemeinschaft (BAG) der Kollegen Dr. med. Michael Friederich und Dr. med. [&hellip;]<\/p>\n","protected":false},"author":1,"featured_media":0,"parent":0,"menu_order":0,"comment_status":"closed","ping_status":"closed","template":"elementor_canvas","meta":{"footnotes":""},"class_list":["post-1015","page","type-page","status-publish","hentry"],"_links":{"self":[{"href":"https:\/\/hausarztpraxis-markgr\u00f6ningen.de\/index.php?rest_route=\/wp\/v2\/pages\/1015","targetHints":{"allow":["GET"]}}],"collection":[{"href":"https:\/\/hausarztpraxis-markgr\u00f6ningen.de\/index.php?rest_route=\/wp\/v2\/pages"}],"about":[{"href":"https:\/\/hausarztpraxis-markgr\u00f6ningen.de\/index.php?rest_route=\/wp\/v2\/types\/page"}],"author":[{"embeddable":true,"href":"https:\/\/hausarztpraxis-markgr\u00f6ningen.de\/index.php?rest_route=\/wp\/v2\/users\/1"}],"replies":[{"embeddable":true,"href":"https:\/\/hausarztpraxis-markgr\u00f6ningen.de\/index.php?rest_route=%2Fwp%2Fv2%2Fcomments&post=1015"}],"version-history":[{"count":26,"href":"https:\/\/hausarztpraxis-markgr\u00f6ningen.de\/index.php?rest_route=\/wp\/v2\/pages\/1015\/revisions"}],"predecessor-version":[{"id":1488,"href":"https:\/\/hausarztpraxis-markgr\u00f6ningen.de\/index.php?rest_route=\/wp\/v2\/pages\/1015\/revisions\/1488"}],"wp:attachment":[{"href":"https:\/\/hausarztpraxis-markgr\u00f6ningen.de\/index.php?rest_route=%2Fwp%2Fv2%2Fmedia&parent=1015"}],"curies":[{"name":"wp","href":"https:\/\/api.w.org\/{rel}","templated":true}]}}