{"id":353,"date":"2025-02-06T17:01:45","date_gmt":"2025-02-06T17:01:45","guid":{"rendered":"http:\/\/praxis-friederich.de\/startseite\/?page_id=353"},"modified":"2025-07-28T11:33:39","modified_gmt":"2025-07-28T11:33:39","slug":"allgemeinmedizin","status":"publish","type":"page","link":"https:\/\/hausarztpraxis-markgr\u00f6ningen.de\/?page_id=353","title":{"rendered":"Allgemeinmedizin"},"content":{"rendered":"\t\t<div data-elementor-type=\"wp-page\" data-elementor-id=\"353\" class=\"elementor elementor-353\">\n\t\t\t\t<div class=\"elementor-element elementor-element-f0cdc9c e-flex e-con-boxed e-con e-parent\" data-id=\"f0cdc9c\" data-element_type=\"container\" data-e-type=\"container\">\n\t\t\t\t\t<div class=\"e-con-inner\">\n\t\t<a class=\"elementor-element elementor-element-36c804d e-con-full e-flex e-con e-child\" data-id=\"36c804d\" data-element_type=\"container\" data-e-type=\"container\" data-settings=\"{&quot;background_background&quot;:&quot;classic&quot;}\" href=\"https:\/\/www.hausarztpraxis-markgr\u00f6ningen.de\">\n\t\t\t\t<\/a>\n\t\t<div class=\"elementor-element elementor-element-f19e9fe e-con-full e-flex e-con e-child\" data-id=\"f19e9fe\" data-element_type=\"container\" data-e-type=\"container\">\n\t\t\t\t<div class=\"elementor-element elementor-element-e68a934 eael-simple-menu-hamburger-align-center eael-hamburger--mobile elementor-widget-tablet__width-inherit elementor-widget elementor-widget-eael-simple-menu\" data-id=\"e68a934\" data-element_type=\"widget\" data-e-type=\"widget\" data-widget_type=\"eael-simple-menu.default\">\n\t\t\t\t<div class=\"elementor-widget-container\">\n\t\t\t\t\t<style>\n                        @media screen and (max-width: 767px) {\n                            .eael-hamburger--mobile {\n                                .eael-simple-menu-horizontal,\n                                .eael-simple-menu-vertical {\n                                    display: none;\n                                }\n                            }\n                            .eael-hamburger--mobile {\n                                .eael-simple-menu-container .eael-simple-menu-toggle {\n                                    display: block;\n                                }\n                            }\n                        }\n                        .eael-simple-menu-container.eael-simple-menu--loading > ul {\n                            display: -webkit-box !important;\n                            display: -ms-flexbox !important;\n                            display: flex !important;\n                            list-style: none !important;\n                        }\n                        .eael-simple-menu-container.eael-simple-menu--loading li ul {\n                            visibility: hidden !important;\n                            opacity: 0 !important;\n                        }\n                    <\/style>            <div data-hamburger-icon=\"&lt;svg aria-hidden=&quot;true&quot; class=&quot;e-font-icon-svg e-fas-bars&quot; viewBox=&quot;0 0 448 512&quot; xmlns=&quot;http:\/\/www.w3.org\/2000\/svg&quot;&gt;&lt;path d=&quot;M16 132h416c8.837 0 16-7.163 16-16V76c0-8.837-7.163-16-16-16H16C7.163 60 0 67.163 0 76v40c0 8.837 7.163 16 16 16zm0 160h416c8.837 0 16-7.163 16-16v-40c0-8.837-7.163-16-16-16H16c-8.837 0-16 7.163-16 16v40c0 8.837 7.163 16 16 16zm0 160h416c8.837 0 16-7.163 16-16v-40c0-8.837-7.163-16-16-16H16c-8.837 0-16 7.163-16 16v40c0 8.837 7.163 16 16 16z&quot;&gt;&lt;\/path&gt;&lt;\/svg&gt;\" data-indicator-icon=\"&lt;svg aria-hidden=&quot;true&quot; class=&quot;e-font-icon-svg e-fas-angle-down&quot; viewBox=&quot;0 0 320 512&quot; xmlns=&quot;http:\/\/www.w3.org\/2000\/svg&quot;&gt;&lt;path d=&quot;M143 352.3L7 216.3c-9.4-9.4-9.4-24.6 0-33.9l22.6-22.6c9.4-9.4 24.6-9.4 33.9 0l96.4 96.4 96.4-96.4c9.4-9.4 24.6-9.4 33.9 0l22.6 22.6c9.4 9.4 9.4 24.6 0 33.9l-136 136c-9.2 9.4-24.4 9.4-33.8 0z&quot;&gt;&lt;\/path&gt;&lt;\/svg&gt;\" data-dropdown-indicator-icon=\"&lt;svg class=&quot;e-font-icon-svg e-fas-angle-down&quot; viewBox=&quot;0 0 320 512&quot; xmlns=&quot;http:\/\/www.w3.org\/2000\/svg&quot;&gt;&lt;path d=&quot;M143 352.3L7 216.3c-9.4-9.4-9.4-24.6 0-33.9l22.6-22.6c9.4-9.4 24.6-9.4 33.9 0l96.4 96.4 96.4-96.4c9.4-9.4 24.6-9.4 33.9 0l22.6 22.6c9.4 9.4 9.4 24.6 0 33.9l-136 136c-9.2 9.4-24.4 9.4-33.8 0z&quot;&gt;&lt;\/path&gt;&lt;\/svg&gt;\" class=\"eael-simple-menu-container eael-simple-menu--loading eael-simple-menu-align-center eael-simple-menu--stretch eael-simple-menu-dropdown-align-left preset-2\" data-hamburger-breakpoints=\"{&quot;mobile&quot;:&quot;Mobile Portrait (&gt; 767px)&quot;,&quot;tablet&quot;:&quot;Tablet Portrait (&gt; 1024px)&quot;,&quot;desktop&quot;:&quot;Desktop (&gt; 2400px)&quot;,&quot;none&quot;:&quot;None&quot;}\" data-hamburger-device=\"mobile\">\n                <ul id=\"menu-hauptmenue\" class=\"eael-simple-menu eael-simple-menu-dropdown-animate-to-top eael-simple-menu-indicator eael-simple-menu-horizontal\"><li id=\"menu-item-661\" class=\"menu-item menu-item-type-post_type menu-item-object-page menu-item-has-children menu-item-661\"><a href=\"https:\/\/hausarztpraxis-markgr\u00f6ningen.de\/?page_id=655\">Leistungen<\/a>\n<ul class=\"sub-menu\">\n\t<li id=\"menu-item-584\" class=\"menu-item menu-item-type-post_type menu-item-object-page menu-item-584\"><a href=\"https:\/\/hausarztpraxis-markgr\u00f6ningen.de\/?page_id=353\">Allgemeinmedizin<\/a><\/li>\n\t<li id=\"menu-item-583\" class=\"menu-item menu-item-type-post_type menu-item-object-page menu-item-583\"><a href=\"https:\/\/hausarztpraxis-markgr\u00f6ningen.de\/?page_id=419\">Kompliment\u00e4rmedizin<\/a><\/li>\n\t<li id=\"menu-item-576\" class=\"menu-item menu-item-type-post_type menu-item-object-page menu-item-576\"><a href=\"https:\/\/hausarztpraxis-markgr\u00f6ningen.de\/?page_id=425\">Vorsorge<\/a><\/li>\n\t<li id=\"menu-item-580\" class=\"menu-item menu-item-type-post_type menu-item-object-page menu-item-580\"><a href=\"https:\/\/hausarztpraxis-markgr\u00f6ningen.de\/?page_id=462\">Diagnostik<\/a><\/li>\n\t<li id=\"menu-item-581\" class=\"menu-item menu-item-type-post_type menu-item-object-page menu-item-581\"><a href=\"https:\/\/hausarztpraxis-markgr\u00f6ningen.de\/?page_id=459\">Antr\u00e4ge<\/a><\/li>\n\t<li id=\"menu-item-582\" class=\"menu-item menu-item-type-post_type menu-item-object-page menu-item-582\"><a href=\"https:\/\/hausarztpraxis-markgr\u00f6ningen.de\/?page_id=457\">Palliativmedizin<\/a><\/li>\n<\/ul>\n<\/li>\n<li id=\"menu-item-577\" class=\"menu-item menu-item-type-post_type menu-item-object-page menu-item-577\"><a href=\"https:\/\/hausarztpraxis-markgr\u00f6ningen.de\/?page_id=387\">Praxis<\/a><\/li>\n<li id=\"menu-item-723\" class=\"menu-item menu-item-type-post_type menu-item-object-page menu-item-723\"><a href=\"https:\/\/hausarztpraxis-markgr\u00f6ningen.de\/?page_id=721\">Aktuelles<\/a><\/li>\n<li id=\"menu-item-610\" class=\"menu-item menu-item-type-post_type menu-item-object-page menu-item-has-children menu-item-610\"><a href=\"https:\/\/hausarztpraxis-markgr\u00f6ningen.de\/?page_id=589\">Service<\/a>\n<ul class=\"sub-menu\">\n\t<li id=\"menu-item-615\" class=\"menu-item menu-item-type-post_type menu-item-object-page menu-item-615\"><a href=\"https:\/\/hausarztpraxis-markgr\u00f6ningen.de\/?page_id=312\">Kontakt<\/a><\/li>\n\t<li id=\"menu-item-614\" class=\"menu-item menu-item-type-post_type menu-item-object-page menu-item-614\"><a href=\"https:\/\/hausarztpraxis-markgr\u00f6ningen.de\/?page_id=493\">Anfahrt &#038; Parken<\/a><\/li>\n\t<li id=\"menu-item-612\" class=\"menu-item menu-item-type-post_type menu-item-object-page menu-item-612\"><a href=\"https:\/\/hausarztpraxis-markgr\u00f6ningen.de\/?page_id=521\">Rezepte &#038; \u00dcberweisungen<\/a><\/li>\n\t<li id=\"menu-item-613\" class=\"menu-item menu-item-type-post_type menu-item-object-page menu-item-613\"><a href=\"https:\/\/hausarztpraxis-markgr\u00f6ningen.de\/?page_id=499\">Notfall<\/a><\/li>\n\t<li id=\"menu-item-611\" class=\"menu-item menu-item-type-post_type menu-item-object-page menu-item-611\"><a href=\"https:\/\/hausarztpraxis-markgr\u00f6ningen.de\/?page_id=543\">Links<\/a><\/li>\n<\/ul>\n<\/li>\n<\/ul>                <button class=\"eael-simple-menu-toggle\">\n                    <span class=\"sr-only \">Hamburger Toggle Menu<\/span>\n                    <svg aria-hidden=\"true\" class=\"e-font-icon-svg e-fas-bars\" viewBox=\"0 0 448 512\" xmlns=\"http:\/\/www.w3.org\/2000\/svg\"><path d=\"M16 132h416c8.837 0 16-7.163 16-16V76c0-8.837-7.163-16-16-16H16C7.163 60 0 67.163 0 76v40c0 8.837 7.163 16 16 16zm0 160h416c8.837 0 16-7.163 16-16v-40c0-8.837-7.163-16-16-16H16c-8.837 0-16 7.163-16 16v40c0 8.837 7.163 16 16 16zm0 160h416c8.837 0 16-7.163 16-16v-40c0-8.837-7.163-16-16-16H16c-8.837 0-16 7.163-16 16v40c0 8.837 7.163 16 16 16z\"><\/path><\/svg>                <\/button>\n            <\/div>\n            \t\t\t\t<\/div>\n\t\t\t\t<\/div>\n\t\t\t\t<\/div>\n\t\t\t\t\t<\/div>\n\t\t\t\t<\/div>\n\t\t<div class=\"elementor-element elementor-element-613d440 e-con-full e-flex e-con e-parent\" data-id=\"613d440\" data-element_type=\"container\" data-e-type=\"container\" data-settings=\"{&quot;background_background&quot;:&quot;classic&quot;}\">\n\t\t<div class=\"elementor-element elementor-element-2941d84 e-flex e-con-boxed e-con e-child\" data-id=\"2941d84\" data-element_type=\"container\" data-e-type=\"container\">\n\t\t\t\t\t<div class=\"e-con-inner\">\n\t\t\t\t<div class=\"elementor-element elementor-element-ea78111 elementor-widget__width-initial elementor-widget elementor-widget-text-editor\" data-id=\"ea78111\" data-element_type=\"widget\" data-e-type=\"widget\" data-widget_type=\"text-editor.default\">\n\t\t\t\t<div class=\"elementor-widget-container\">\n\t\t\t\t\t\t\t\t\t<div id=\"ce-8007\" class=\"ce-inside\"><h1><span style=\"color: #ffffff;\">Allgemeinmedizin<\/span><\/h1><\/div>\t\t\t\t\t\t\t\t<\/div>\n\t\t\t\t<\/div>\n\t\t\t\t\t<\/div>\n\t\t\t\t<\/div>\n\t\t\t\t<\/div>\n\t\t<div class=\"elementor-element elementor-element-1f751d1 e-flex e-con-boxed e-con e-parent\" data-id=\"1f751d1\" data-element_type=\"container\" data-e-type=\"container\" data-settings=\"{&quot;background_background&quot;:&quot;classic&quot;}\">\n\t\t\t\t\t<div class=\"e-con-inner\">\n\t\t<div class=\"elementor-element elementor-element-4d068e9 e-con-full e-flex e-con e-child\" data-id=\"4d068e9\" data-element_type=\"container\" data-e-type=\"container\">\n\t\t\t\t<div class=\"elementor-element elementor-element-3b6b9f8 elementor-widget elementor-widget-heading\" data-id=\"3b6b9f8\" data-element_type=\"widget\" data-e-type=\"widget\" data-widget_type=\"heading.default\">\n\t\t\t\t<div class=\"elementor-widget-container\">\n\t\t\t\t\t<h2 class=\"elementor-heading-title elementor-size-default\">Leistungen<\/h2>\t\t\t\t<\/div>\n\t\t\t\t<\/div>\n\t\t\t\t<div class=\"elementor-element elementor-element-ef9ca30 eael-simple-menu-hamburger-align-left elementor-widget-tablet__width-inherit eael-hamburger--tablet elementor-widget elementor-widget-eael-simple-menu\" data-id=\"ef9ca30\" data-element_type=\"widget\" data-e-type=\"widget\" data-widget_type=\"eael-simple-menu.default\">\n\t\t\t\t<div class=\"elementor-widget-container\">\n\t\t\t\t\t<style>\n                        @media screen and (max-width: 1024px) {\n                            .eael-hamburger--tablet {\n                                .eael-simple-menu-horizontal,\n                                .eael-simple-menu-vertical {\n                                    display: none;\n                                }\n                            }\n                            .eael-hamburger--tablet {\n                                .eael-simple-menu-container .eael-simple-menu-toggle {\n                                    display: block;\n                                }\n                            }\n                        }\n                        .eael-simple-menu-container.eael-simple-menu--loading > ul {\n                            display: -webkit-box !important;\n                            display: -ms-flexbox !important;\n                            display: flex !important;\n                            list-style: none !important;\n                        }\n                        .eael-simple-menu-container.eael-simple-menu--loading li ul {\n                            visibility: hidden !important;\n                            opacity: 0 !important;\n                        }\n                    <\/style>            <div data-hamburger-icon=\"&lt;svg aria-hidden=&quot;true&quot; class=&quot;e-font-icon-svg e-fas-bars&quot; viewBox=&quot;0 0 448 512&quot; xmlns=&quot;http:\/\/www.w3.org\/2000\/svg&quot;&gt;&lt;path d=&quot;M16 132h416c8.837 0 16-7.163 16-16V76c0-8.837-7.163-16-16-16H16C7.163 60 0 67.163 0 76v40c0 8.837 7.163 16 16 16zm0 160h416c8.837 0 16-7.163 16-16v-40c0-8.837-7.163-16-16-16H16c-8.837 0-16 7.163-16 16v40c0 8.837 7.163 16 16 16zm0 160h416c8.837 0 16-7.163 16-16v-40c0-8.837-7.163-16-16-16H16c-8.837 0-16 7.163-16 16v40c0 8.837 7.163 16 16 16z&quot;&gt;&lt;\/path&gt;&lt;\/svg&gt;\" data-indicator-icon=\"&lt;svg aria-hidden=&quot;true&quot; class=&quot;e-font-icon-svg e-fas-angle-down&quot; viewBox=&quot;0 0 320 512&quot; xmlns=&quot;http:\/\/www.w3.org\/2000\/svg&quot;&gt;&lt;path d=&quot;M143 352.3L7 216.3c-9.4-9.4-9.4-24.6 0-33.9l22.6-22.6c9.4-9.4 24.6-9.4 33.9 0l96.4 96.4 96.4-96.4c9.4-9.4 24.6-9.4 33.9 0l22.6 22.6c9.4 9.4 9.4 24.6 0 33.9l-136 136c-9.2 9.4-24.4 9.4-33.8 0z&quot;&gt;&lt;\/path&gt;&lt;\/svg&gt;\" data-dropdown-indicator-icon=\"&lt;svg class=&quot;e-font-icon-svg e-fas-angle-down&quot; viewBox=&quot;0 0 320 512&quot; xmlns=&quot;http:\/\/www.w3.org\/2000\/svg&quot;&gt;&lt;path d=&quot;M143 352.3L7 216.3c-9.4-9.4-9.4-24.6 0-33.9l22.6-22.6c9.4-9.4 24.6-9.4 33.9 0l96.4 96.4 96.4-96.4c9.4-9.4 24.6-9.4 33.9 0l22.6 22.6c9.4 9.4 9.4 24.6 0 33.9l-136 136c-9.2 9.4-24.4 9.4-33.8 0z&quot;&gt;&lt;\/path&gt;&lt;\/svg&gt;\" class=\"eael-simple-menu-container eael-simple-menu--loading eael-simple-menu-align-left eael-simple-menu-dropdown-align-left preset-2\" data-hamburger-breakpoints=\"{&quot;mobile&quot;:&quot;Mobile Portrait (&gt; 767px)&quot;,&quot;tablet&quot;:&quot;Tablet Portrait (&gt; 1024px)&quot;,&quot;desktop&quot;:&quot;Desktop (&gt; 2400px)&quot;,&quot;none&quot;:&quot;None&quot;}\" data-hamburger-device=\"tablet\">\n                <ul id=\"menu-leistungen\" class=\"eael-simple-menu eael-simple-menu-dropdown-animate-to-top eael-simple-menu-indicator eael-simple-menu-vertical\"><li id=\"menu-item-622\" class=\"menu-item menu-item-type-post_type menu-item-object-page menu-item-622\"><a href=\"https:\/\/hausarztpraxis-markgr\u00f6ningen.de\/?page_id=353\">Allgemeinmedizin<\/a><\/li>\n<li id=\"menu-item-621\" class=\"menu-item menu-item-type-post_type menu-item-object-page menu-item-621\"><a href=\"https:\/\/hausarztpraxis-markgr\u00f6ningen.de\/?page_id=419\">Kompliment\u00e4rmedizin<\/a><\/li>\n<li id=\"menu-item-617\" class=\"menu-item menu-item-type-post_type menu-item-object-page menu-item-617\"><a href=\"https:\/\/hausarztpraxis-markgr\u00f6ningen.de\/?page_id=425\">Vorsorge<\/a><\/li>\n<li id=\"menu-item-618\" class=\"menu-item menu-item-type-post_type menu-item-object-page menu-item-618\"><a href=\"https:\/\/hausarztpraxis-markgr\u00f6ningen.de\/?page_id=462\">Diagnostik<\/a><\/li>\n<li id=\"menu-item-619\" class=\"menu-item menu-item-type-post_type menu-item-object-page menu-item-619\"><a href=\"https:\/\/hausarztpraxis-markgr\u00f6ningen.de\/?page_id=459\">Antr\u00e4ge<\/a><\/li>\n<li id=\"menu-item-620\" class=\"menu-item menu-item-type-post_type menu-item-object-page menu-item-620\"><a href=\"https:\/\/hausarztpraxis-markgr\u00f6ningen.de\/?page_id=457\">Palliativmedizin<\/a><\/li>\n<\/ul>                <button class=\"eael-simple-menu-toggle\">\n                    <span class=\"sr-only \">Hamburger Toggle Menu<\/span>\n                    <svg aria-hidden=\"true\" class=\"e-font-icon-svg e-fas-bars\" viewBox=\"0 0 448 512\" xmlns=\"http:\/\/www.w3.org\/2000\/svg\"><path d=\"M16 132h416c8.837 0 16-7.163 16-16V76c0-8.837-7.163-16-16-16H16C7.163 60 0 67.163 0 76v40c0 8.837 7.163 16 16 16zm0 160h416c8.837 0 16-7.163 16-16v-40c0-8.837-7.163-16-16-16H16c-8.837 0-16 7.163-16 16v40c0 8.837 7.163 16 16 16zm0 160h416c8.837 0 16-7.163 16-16v-40c0-8.837-7.163-16-16-16H16c-8.837 0-16 7.163-16 16v40c0 8.837 7.163 16 16 16z\"><\/path><\/svg>                <\/button>\n            <\/div>\n            \t\t\t\t<\/div>\n\t\t\t\t<\/div>\n\t\t\t\t<\/div>\n\t\t<div class=\"elementor-element elementor-element-b2d20b2 e-con-full e-flex e-con e-child\" data-id=\"b2d20b2\" data-element_type=\"container\" data-e-type=\"container\" data-settings=\"{&quot;background_background&quot;:&quot;classic&quot;}\">\n\t\t\t\t<div class=\"elementor-element elementor-element-7d94044 elementor-widget elementor-widget-text-editor\" data-id=\"7d94044\" data-element_type=\"widget\" data-e-type=\"widget\" data-widget_type=\"text-editor.default\">\n\t\t\t\t<div class=\"elementor-widget-container\">\n\t\t\t\t\t\t\t\t\t<div id=\"main\"><div class=\"inside\"><div id=\"article-911\" class=\"mod_article first last articleFirst articleOdd block\"><div class=\"article-inside\"><div class=\"ce_text first last block\"><div id=\"ce-7993\" class=\"ce-inside\"><p>Wir sind eine klassische haus\u00e4rztliche und allgemeinmedizinisch orientierte Praxis und versorgen unsere Patienten in diesen Bereichen umfassend.<\/p><p>Bei akuten Erkrankungen, die einer schnellen \u00e4rztlichen Betreuung bed\u00fcrfen, erhalten Sie zeitnahe Termine, die Sie mit unserem Praxisteam vorab telefonisch vereinbaren. Das betrifft auch den Gro\u00dfteil der Infektionserkrankung (z.B. Erk\u00e4ltungs- und Magendarmerkrankungen). Hierf\u00fcr haben wir eine entsprechende Notfallsprechstunde am sp\u00e4ten Vormittag eingerichtet.<\/p><p>Im Falle einer oder mehrerer chronischer Erkrankungen bieten wir eine Langzeitbetreuung. Hierbei spielen nicht nur die medizinischen Aspekte eine wichtige Rolle, sondern wir sehen uns auch als Berater im Kontext mit Ihren psychischen, pers\u00f6nlichen, famili\u00e4ren und beruflichen Belangen. Als langj\u00e4hrig bestehende Praxis hat unser Praxisteam eine gute und qualitative Vernetzung zu den Fach\u00e4rzten im Umkreis und kann somit eine bedarfsgerechte und, falls erforderlich, auch zeitnahe interdisziplin\u00e4re Versorgung sicherstellen.<\/p><p>Wir gew\u00e4hrleisten auch eine Heimbetreuung bei unseren langj\u00e4hrigen Patienten in Markgr\u00f6ningen.<\/p><p>Wir verstehen uns als haus\u00e4rztlich zentrierter Versorger und nehmen entsprechend an den Programmen des Haus\u00e4rzteverbandes Baden- W\u00fcrttemberg und der Krankenkassen teil (HZV). Dies bedeutet, dass wir als Ihre Hausarztpraxis bei allen Fragen, die Ihre Gesundheit betreffen, der erste Ansprechpartner sind. Wir behalten dadurch den \u00dcberblick \u00fcber Ihre Befunde, kennen Ihre Krankheitsgeschichte und k\u00f6nnen Ihnen als Lotse bei Facharztbesuchen und Krankenhausaufenthalten zur Seite stehen. Auf diese Weise k\u00f6nnen wir Ihnen umfassend mit Rat und Tat zur Seite stehen, auch bei Fragen die \u00fcber das medizinische hinausgehen. Diese umfassende Versorgung ist uns besonders wichtig. Die HZV unterst\u00fctzt uns dabei, diesen Qualit\u00e4tsgedanken auch in Zukunft verfolgen zu k\u00f6nnen. Auch die Krankenkassen bieten im Rahmen des HZV besondere Leistungen an (z.B. durch h\u00e4ufigere oder umfangreichere Check-Up-Untersuchungen, bei der Betreuung chronischer Erkrankungen, uvm.). Falls Sie am HZV teilnehmen wollen, kann Sie das Praxisteam individuell beraten.<\/p><p>Neben der Betreuung von Erkrankungen ist ein weiterer wichtiger Schwerpunkt unserer Praxis eine gute Vorsorge und individuelle Beratung, um Ihre Gesundheit zu erhalten! Die entsprechenden Leistungen k\u00f6nnen Sie unter den Men\u00fcpunkten &#8222;Vorsorgeleistungen&#8220; und &#8222;Komplement\u00e4rmedizin&#8220; einsehen.<\/p><\/div><\/div><\/div><\/div><\/div><\/div>\t\t\t\t\t\t\t\t<\/div>\n\t\t\t\t<\/div>\n\t\t\t\t<\/div>\n\t\t\t\t\t<\/div>\n\t\t\t\t<\/div>\n\t\t<div class=\"elementor-element elementor-element-5b737f8 e-flex e-con-boxed e-con e-parent\" data-id=\"5b737f8\" data-element_type=\"container\" data-e-type=\"container\" data-settings=\"{&quot;background_background&quot;:&quot;classic&quot;}\">\n\t\t\t\t\t<div class=\"e-con-inner\">\n\t\t<div class=\"elementor-element elementor-element-f961472 e-grid e-con-full e-con e-child\" data-id=\"f961472\" data-element_type=\"container\" data-e-type=\"container\" data-settings=\"{&quot;background_background&quot;:&quot;classic&quot;}\">\n\t\t<div class=\"elementor-element elementor-element-6382ea9 e-con-full e-flex e-con e-child\" data-id=\"6382ea9\" data-element_type=\"container\" data-e-type=\"container\" data-settings=\"{&quot;background_background&quot;:&quot;classic&quot;}\">\n\t\t\t\t<\/div>\n\t\t\t\t<div class=\"elementor-element elementor-element-9b81ba6 elementor-widget elementor-widget-text-editor\" data-id=\"9b81ba6\" data-element_type=\"widget\" data-e-type=\"widget\" data-widget_type=\"text-editor.default\">\n\t\t\t\t<div class=\"elementor-widget-container\">\n\t\t\t\t\t\t\t\t\t<div class=\"ce_sHtml5Start footer-col block\"><div class=\"ce_text block\"><div id=\"ce-7884\" class=\"ce-inside\"><h5>Telefonsprechzeiten<\/h5><table><tbody><tr><td><div>Mo<\/div><\/td><td><div>09:00\u201311:00 &amp; 15:00\u201317:00<\/div><\/td><\/tr><tr><td><div>Di<\/div><\/td><td><div>09:00\u201311:00 &amp; 15:00\u201317:00<\/div><\/td><\/tr><tr><td><div>Mi<\/div><\/td><td><div>09:00\u201311:00 &amp; 15:00\u201317:00<\/div><\/td><\/tr><tr><td><div>Do<\/div><\/td><td><div>09:00\u201311:00 &amp; 15:00\u201317:00<\/div><\/td><\/tr><tr><td><div>Fr<\/div><\/td><td><div>09:00\u201311:00<\/div><\/td><\/tr><\/tbody><\/table><\/div><\/div><\/div>\t\t\t\t\t\t\t\t<\/div>\n\t\t\t\t<\/div>\n\t\t\t\t<div class=\"elementor-element elementor-element-81d1243 elementor-widget elementor-widget-text-editor\" data-id=\"81d1243\" data-element_type=\"widget\" data-e-type=\"widget\" data-widget_type=\"text-editor.default\">\n\t\t\t\t<div class=\"elementor-widget-container\">\n\t\t\t\t\t\t\t\t\t<h5>Kontakt<\/h5><p>Haus\u00e4rztliche Gemeinschaftspraxis Markgr\u00f6ningen<\/p><p>Gerberg\u00e4\u00dfle 10<br \/>71706 Markgr\u00f6ningen<\/p><p><a href=\"tel:004971458098\">Telefon: 07145 8098<\/a><\/p><p><a href=\"m&#97;&#105;&#x6c;&#x74;&#x6f;&#x3a;i&#110;&#102;&#111;&#x40;&#x68;&#x61;us&#97;&#114;&#x7a;&#x74;&#x70;ra&#120;&#105;&#x73;&#x2d;&#x6d;ar&#107;&#103;&#x72;\u00f6ni&#110;&#103;&#x65;&#x6e;&#x2e;de\">&#73;&#x6e;&#x66;o&#64;&#x48;a&#117;&#x73;&#x61;r&#122;&#x74;p&#114;&#x61;&#x78;i&#115;&#x2d;M&#97;&#x72;&#x6b;&#103;&#114;\u00f6&#110;&#x69;&#x6e;&#103;&#x65;&#x6e;&#46;&#100;&#x65;<\/a><\/p>\t\t\t\t\t\t\t\t<\/div>\n\t\t\t\t<\/div>\n\t\t\t\t<div class=\"elementor-element elementor-element-b0ef5b9 elementor-widget elementor-widget-text-editor\" data-id=\"b0ef5b9\" data-element_type=\"widget\" data-e-type=\"widget\" data-widget_type=\"text-editor.default\">\n\t\t\t\t<div class=\"elementor-widget-container\">\n\t\t\t\t\t\t\t\t\t<h5 class=\"ce_headline\">Hilfreiche Links<\/h5><p id=\"navi-footer\" class=\"mod_customnav navi block\"><a href=\"https:\/\/hausarztpraxis-markgr\u00f6ningen.de\/?page_id=312\">Kontakt &amp; Sprechzeiten<\/a><\/p><nav class=\"mod_customnav navi block\"><p><a href=\"https:\/\/hausarztpraxis-markgr\u00f6ningen.de\/?page_id=493\">Anfahrt &amp; Lage<\/a><\/p><p><a href=\"https:\/\/hausarztpraxis-markgr\u00f6ningen.de\/?page_id=521\">Rezepte &amp; \u00dcberweisungen<\/a><\/p><p><a href=\"https:\/\/hausarztpraxis-markgr\u00f6ningen.de\/?page_id=499\">Notfall<\/a><\/p><\/nav>\t\t\t\t\t\t\t\t<\/div>\n\t\t\t\t<\/div>\n\t\t\t\t<\/div>\n\t\t\t\t<div class=\"elementor-element elementor-element-1466949 elementor-widget__width-inherit elementor-widget elementor-widget-text-editor\" data-id=\"1466949\" data-element_type=\"widget\" data-e-type=\"widget\" data-widget_type=\"text-editor.default\">\n\t\t\t\t<div class=\"elementor-widget-container\">\n\t\t\t\t\t\t\t\t\t<p>\u00a0<\/p><p>\u00a9 2025\u00a0\u00a0\u00a0 <a href=\"http:\/\/www.hausarztpraxis-markgr\u00f6ningen.de\/\">Haus\u00e4rztliche Gemeinschaftspraxis Markgr\u00f6ningen<\/a> \u00a0\u00a0 | \u00a0\u00a0 <a href=\"https:\/\/hausarztpraxis-markgr\u00f6ningen.de\/?page_id=1015\">Impressum<\/a> &amp; <a href=\"https:\/\/hausarztpraxis-markgr\u00f6ningen.de\/?page_id=1033\">Datenschutz<\/a>\u00a0<\/p>\t\t\t\t\t\t\t\t<\/div>\n\t\t\t\t<\/div>\n\t\t\t\t\t<\/div>\n\t\t\t\t<\/div>\n\t\t\t\t<\/div>\n\t\t","protected":false},"excerpt":{"rendered":"<p>Leistungen Allgemeinmedizin Kompliment\u00e4rmedizin Vorsorge Diagnostik Antr\u00e4ge Palliativmedizin Praxis Aktuelles Service Kontakt Anfahrt &#038; Parken Rezepte &#038; \u00dcberweisungen Notfall Links Hamburger Toggle Menu Allgemeinmedizin Leistungen Allgemeinmedizin Kompliment\u00e4rmedizin Vorsorge Diagnostik Antr\u00e4ge Palliativmedizin Hamburger Toggle Menu Wir sind eine klassische haus\u00e4rztliche und allgemeinmedizinisch orientierte Praxis und versorgen unsere Patienten in diesen Bereichen umfassend. Bei akuten Erkrankungen, die einer [&hellip;]<\/p>\n","protected":false},"author":1,"featured_media":0,"parent":0,"menu_order":1,"comment_status":"closed","ping_status":"closed","template":"elementor_canvas","meta":{"footnotes":""},"class_list":["post-353","page","type-page","status-publish","hentry"],"_links":{"self":[{"href":"https:\/\/hausarztpraxis-markgr\u00f6ningen.de\/index.php?rest_route=\/wp\/v2\/pages\/353","targetHints":{"allow":["GET"]}}],"collection":[{"href":"https:\/\/hausarztpraxis-markgr\u00f6ningen.de\/index.php?rest_route=\/wp\/v2\/pages"}],"about":[{"href":"https:\/\/hausarztpraxis-markgr\u00f6ningen.de\/index.php?rest_route=\/wp\/v2\/types\/page"}],"author":[{"embeddable":true,"href":"https:\/\/hausarztpraxis-markgr\u00f6ningen.de\/index.php?rest_route=\/wp\/v2\/users\/1"}],"replies":[{"embeddable":true,"href":"https:\/\/hausarztpraxis-markgr\u00f6ningen.de\/index.php?rest_route=%2Fwp%2Fv2%2Fcomments&post=353"}],"version-history":[{"count":60,"href":"https:\/\/hausarztpraxis-markgr\u00f6ningen.de\/index.php?rest_route=\/wp\/v2\/pages\/353\/revisions"}],"predecessor-version":[{"id":1451,"href":"https:\/\/hausarztpraxis-markgr\u00f6ningen.de\/index.php?rest_route=\/wp\/v2\/pages\/353\/revisions\/1451"}],"wp:attachment":[{"href":"https:\/\/hausarztpraxis-markgr\u00f6ningen.de\/index.php?rest_route=%2Fwp%2Fv2%2Fmedia&parent=353"}],"curies":[{"name":"wp","href":"https:\/\/api.w.org\/{rel}","templated":true}]}}