{"id":459,"date":"2025-01-07T15:55:11","date_gmt":"2025-01-07T15:55:11","guid":{"rendered":"https:\/\/hausarztpraxis-markgr\u00f6ningen.de\/startseite\/?page_id=459"},"modified":"2025-04-08T07:42:50","modified_gmt":"2025-04-08T07:42:50","slug":"antraege","status":"publish","type":"page","link":"https:\/\/hausarztpraxis-markgr\u00f6ningen.de\/?page_id=459","title":{"rendered":"Antr\u00e4ge"},"content":{"rendered":"\t\t<div data-elementor-type=\"wp-page\" data-elementor-id=\"459\" class=\"elementor elementor-459\">\n\t\t\t\t<div class=\"elementor-element elementor-element-f0cdc9c e-flex e-con-boxed e-con e-parent\" data-id=\"f0cdc9c\" data-element_type=\"container\" data-e-type=\"container\">\n\t\t\t\t\t<div class=\"e-con-inner\">\n\t\t<a class=\"elementor-element elementor-element-36c804d e-con-full e-flex e-con e-child\" data-id=\"36c804d\" data-element_type=\"container\" data-e-type=\"container\" data-settings=\"{&quot;background_background&quot;:&quot;classic&quot;}\" href=\"https:\/\/www.hausarztpraxis-markgr\u00f6ningen.de\">\n\t\t\t\t<\/a>\n\t\t<div class=\"elementor-element elementor-element-f19e9fe e-con-full e-flex e-con e-child\" data-id=\"f19e9fe\" data-element_type=\"container\" data-e-type=\"container\">\n\t\t\t\t<div class=\"elementor-element elementor-element-cfc515a eael-simple-menu-hamburger-align-center eael-hamburger--mobile elementor-widget-tablet__width-inherit elementor-widget elementor-widget-eael-simple-menu\" data-id=\"cfc515a\" data-element_type=\"widget\" data-e-type=\"widget\" data-widget_type=\"eael-simple-menu.default\">\n\t\t\t\t<div class=\"elementor-widget-container\">\n\t\t\t\t\t<style>\n                        @media screen and (max-width: 767px) {\n                            .eael-hamburger--mobile {\n                                .eael-simple-menu-horizontal,\n                                .eael-simple-menu-vertical {\n                                    display: none;\n                                }\n                            }\n                            .eael-hamburger--mobile {\n                                .eael-simple-menu-container .eael-simple-menu-toggle {\n                                    display: block;\n                                }\n                            }\n                        }\n                        .eael-simple-menu-container.eael-simple-menu--loading > ul {\n                            display: -webkit-box !important;\n                            display: -ms-flexbox !important;\n                            display: flex !important;\n                            list-style: none !important;\n                        }\n                        .eael-simple-menu-container.eael-simple-menu--loading li ul {\n                            visibility: hidden !important;\n                            opacity: 0 !important;\n                        }\n                    <\/style>            <div data-hamburger-icon=\"&lt;svg aria-hidden=&quot;true&quot; class=&quot;e-font-icon-svg e-fas-bars&quot; viewBox=&quot;0 0 448 512&quot; xmlns=&quot;http:\/\/www.w3.org\/2000\/svg&quot;&gt;&lt;path d=&quot;M16 132h416c8.837 0 16-7.163 16-16V76c0-8.837-7.163-16-16-16H16C7.163 60 0 67.163 0 76v40c0 8.837 7.163 16 16 16zm0 160h416c8.837 0 16-7.163 16-16v-40c0-8.837-7.163-16-16-16H16c-8.837 0-16 7.163-16 16v40c0 8.837 7.163 16 16 16zm0 160h416c8.837 0 16-7.163 16-16v-40c0-8.837-7.163-16-16-16H16c-8.837 0-16 7.163-16 16v40c0 8.837 7.163 16 16 16z&quot;&gt;&lt;\/path&gt;&lt;\/svg&gt;\" data-indicator-icon=\"&lt;svg aria-hidden=&quot;true&quot; class=&quot;e-font-icon-svg e-fas-angle-down&quot; viewBox=&quot;0 0 320 512&quot; xmlns=&quot;http:\/\/www.w3.org\/2000\/svg&quot;&gt;&lt;path d=&quot;M143 352.3L7 216.3c-9.4-9.4-9.4-24.6 0-33.9l22.6-22.6c9.4-9.4 24.6-9.4 33.9 0l96.4 96.4 96.4-96.4c9.4-9.4 24.6-9.4 33.9 0l22.6 22.6c9.4 9.4 9.4 24.6 0 33.9l-136 136c-9.2 9.4-24.4 9.4-33.8 0z&quot;&gt;&lt;\/path&gt;&lt;\/svg&gt;\" data-dropdown-indicator-icon=\"&lt;svg class=&quot;e-font-icon-svg e-fas-angle-down&quot; viewBox=&quot;0 0 320 512&quot; xmlns=&quot;http:\/\/www.w3.org\/2000\/svg&quot;&gt;&lt;path d=&quot;M143 352.3L7 216.3c-9.4-9.4-9.4-24.6 0-33.9l22.6-22.6c9.4-9.4 24.6-9.4 33.9 0l96.4 96.4 96.4-96.4c9.4-9.4 24.6-9.4 33.9 0l22.6 22.6c9.4 9.4 9.4 24.6 0 33.9l-136 136c-9.2 9.4-24.4 9.4-33.8 0z&quot;&gt;&lt;\/path&gt;&lt;\/svg&gt;\" class=\"eael-simple-menu-container eael-simple-menu--loading eael-simple-menu-align-center eael-simple-menu--stretch eael-simple-menu-dropdown-align-left preset-2\" data-hamburger-breakpoints=\"{&quot;mobile&quot;:&quot;Mobile Portrait (&gt; 767px)&quot;,&quot;tablet&quot;:&quot;Tablet Portrait (&gt; 1024px)&quot;,&quot;desktop&quot;:&quot;Desktop (&gt; 2400px)&quot;,&quot;none&quot;:&quot;None&quot;}\" data-hamburger-device=\"mobile\">\n                <ul id=\"menu-hauptmenue\" class=\"eael-simple-menu eael-simple-menu-dropdown-animate-to-top eael-simple-menu-indicator eael-simple-menu-horizontal\"><li id=\"menu-item-661\" class=\"menu-item menu-item-type-post_type menu-item-object-page menu-item-has-children menu-item-661\"><a href=\"https:\/\/hausarztpraxis-markgr\u00f6ningen.de\/?page_id=655\">Leistungen<\/a>\n<ul class=\"sub-menu\">\n\t<li id=\"menu-item-584\" class=\"menu-item menu-item-type-post_type menu-item-object-page menu-item-584\"><a href=\"https:\/\/hausarztpraxis-markgr\u00f6ningen.de\/?page_id=353\">Allgemeinmedizin<\/a><\/li>\n\t<li id=\"menu-item-583\" class=\"menu-item menu-item-type-post_type menu-item-object-page menu-item-583\"><a href=\"https:\/\/hausarztpraxis-markgr\u00f6ningen.de\/?page_id=419\">Kompliment\u00e4rmedizin<\/a><\/li>\n\t<li id=\"menu-item-576\" class=\"menu-item menu-item-type-post_type menu-item-object-page menu-item-576\"><a href=\"https:\/\/hausarztpraxis-markgr\u00f6ningen.de\/?page_id=425\">Vorsorge<\/a><\/li>\n\t<li id=\"menu-item-580\" class=\"menu-item menu-item-type-post_type menu-item-object-page menu-item-580\"><a href=\"https:\/\/hausarztpraxis-markgr\u00f6ningen.de\/?page_id=462\">Diagnostik<\/a><\/li>\n\t<li id=\"menu-item-581\" class=\"menu-item menu-item-type-post_type menu-item-object-page menu-item-581\"><a href=\"https:\/\/hausarztpraxis-markgr\u00f6ningen.de\/?page_id=459\">Antr\u00e4ge<\/a><\/li>\n\t<li id=\"menu-item-582\" class=\"menu-item menu-item-type-post_type menu-item-object-page menu-item-582\"><a href=\"https:\/\/hausarztpraxis-markgr\u00f6ningen.de\/?page_id=457\">Palliativmedizin<\/a><\/li>\n<\/ul>\n<\/li>\n<li id=\"menu-item-577\" class=\"menu-item menu-item-type-post_type menu-item-object-page menu-item-577\"><a href=\"https:\/\/hausarztpraxis-markgr\u00f6ningen.de\/?page_id=387\">Praxis<\/a><\/li>\n<li id=\"menu-item-723\" class=\"menu-item menu-item-type-post_type menu-item-object-page menu-item-723\"><a href=\"https:\/\/hausarztpraxis-markgr\u00f6ningen.de\/?page_id=721\">Aktuelles<\/a><\/li>\n<li id=\"menu-item-610\" class=\"menu-item menu-item-type-post_type menu-item-object-page menu-item-has-children menu-item-610\"><a href=\"https:\/\/hausarztpraxis-markgr\u00f6ningen.de\/?page_id=589\">Service<\/a>\n<ul class=\"sub-menu\">\n\t<li id=\"menu-item-615\" class=\"menu-item menu-item-type-post_type menu-item-object-page menu-item-615\"><a href=\"https:\/\/hausarztpraxis-markgr\u00f6ningen.de\/?page_id=312\">Kontakt<\/a><\/li>\n\t<li id=\"menu-item-614\" class=\"menu-item menu-item-type-post_type menu-item-object-page menu-item-614\"><a href=\"https:\/\/hausarztpraxis-markgr\u00f6ningen.de\/?page_id=493\">Anfahrt &#038; Parken<\/a><\/li>\n\t<li id=\"menu-item-612\" class=\"menu-item menu-item-type-post_type menu-item-object-page menu-item-612\"><a href=\"https:\/\/hausarztpraxis-markgr\u00f6ningen.de\/?page_id=521\">Rezepte &#038; \u00dcberweisungen<\/a><\/li>\n\t<li id=\"menu-item-613\" class=\"menu-item menu-item-type-post_type menu-item-object-page menu-item-613\"><a href=\"https:\/\/hausarztpraxis-markgr\u00f6ningen.de\/?page_id=499\">Notfall<\/a><\/li>\n\t<li id=\"menu-item-611\" class=\"menu-item menu-item-type-post_type menu-item-object-page menu-item-611\"><a href=\"https:\/\/hausarztpraxis-markgr\u00f6ningen.de\/?page_id=543\">Links<\/a><\/li>\n<\/ul>\n<\/li>\n<\/ul>                <button class=\"eael-simple-menu-toggle\">\n                    <span class=\"sr-only \">Hamburger Toggle Menu<\/span>\n                    <svg aria-hidden=\"true\" class=\"e-font-icon-svg e-fas-bars\" viewBox=\"0 0 448 512\" xmlns=\"http:\/\/www.w3.org\/2000\/svg\"><path d=\"M16 132h416c8.837 0 16-7.163 16-16V76c0-8.837-7.163-16-16-16H16C7.163 60 0 67.163 0 76v40c0 8.837 7.163 16 16 16zm0 160h416c8.837 0 16-7.163 16-16v-40c0-8.837-7.163-16-16-16H16c-8.837 0-16 7.163-16 16v40c0 8.837 7.163 16 16 16zm0 160h416c8.837 0 16-7.163 16-16v-40c0-8.837-7.163-16-16-16H16c-8.837 0-16 7.163-16 16v40c0 8.837 7.163 16 16 16z\"><\/path><\/svg>                <\/button>\n            <\/div>\n            \t\t\t\t<\/div>\n\t\t\t\t<\/div>\n\t\t\t\t<\/div>\n\t\t\t\t\t<\/div>\n\t\t\t\t<\/div>\n\t\t<div class=\"elementor-element elementor-element-613d440 e-con-full e-flex e-con e-parent\" data-id=\"613d440\" data-element_type=\"container\" data-e-type=\"container\" data-settings=\"{&quot;background_background&quot;:&quot;classic&quot;}\">\n\t\t<div class=\"elementor-element elementor-element-2941d84 e-flex e-con-boxed e-con e-child\" data-id=\"2941d84\" data-element_type=\"container\" data-e-type=\"container\">\n\t\t\t\t\t<div class=\"e-con-inner\">\n\t\t\t\t<div class=\"elementor-element elementor-element-ea78111 elementor-widget__width-initial elementor-widget elementor-widget-text-editor\" data-id=\"ea78111\" data-element_type=\"widget\" data-e-type=\"widget\" data-widget_type=\"text-editor.default\">\n\t\t\t\t<div class=\"elementor-widget-container\">\n\t\t\t\t\t\t\t\t\t<div id=\"ce-8007\" class=\"ce-inside\"><h1><span style=\"color: #ffffff;\">Antr\u00e4ge<\/span><\/h1><\/div>\t\t\t\t\t\t\t\t<\/div>\n\t\t\t\t<\/div>\n\t\t\t\t\t<\/div>\n\t\t\t\t<\/div>\n\t\t\t\t<\/div>\n\t\t<div class=\"elementor-element elementor-element-1f751d1 e-flex e-con-boxed e-con e-parent\" data-id=\"1f751d1\" data-element_type=\"container\" data-e-type=\"container\" data-settings=\"{&quot;background_background&quot;:&quot;classic&quot;}\">\n\t\t\t\t\t<div class=\"e-con-inner\">\n\t\t<div class=\"elementor-element elementor-element-4504cdc e-con-full e-flex e-con e-child\" data-id=\"4504cdc\" data-element_type=\"container\" data-e-type=\"container\">\n\t\t\t\t<div class=\"elementor-element elementor-element-d06441e elementor-widget elementor-widget-heading\" data-id=\"d06441e\" data-element_type=\"widget\" data-e-type=\"widget\" data-widget_type=\"heading.default\">\n\t\t\t\t<div class=\"elementor-widget-container\">\n\t\t\t\t\t<h2 class=\"elementor-heading-title elementor-size-default\">Leistungen<\/h2>\t\t\t\t<\/div>\n\t\t\t\t<\/div>\n\t\t\t\t<div class=\"elementor-element elementor-element-2843733 eael-simple-menu-hamburger-align-left elementor-widget-tablet__width-inherit eael-hamburger--tablet elementor-widget elementor-widget-eael-simple-menu\" data-id=\"2843733\" data-element_type=\"widget\" data-e-type=\"widget\" data-widget_type=\"eael-simple-menu.default\">\n\t\t\t\t<div class=\"elementor-widget-container\">\n\t\t\t\t\t<style>\n                        @media screen and (max-width: 1024px) {\n                            .eael-hamburger--tablet {\n                                .eael-simple-menu-horizontal,\n                                .eael-simple-menu-vertical {\n                                    display: none;\n                                }\n                            }\n                            .eael-hamburger--tablet {\n                                .eael-simple-menu-container .eael-simple-menu-toggle {\n                                    display: block;\n                                }\n                            }\n                        }\n                        .eael-simple-menu-container.eael-simple-menu--loading > ul {\n                            display: -webkit-box !important;\n                            display: -ms-flexbox !important;\n                            display: flex !important;\n                            list-style: none !important;\n                        }\n                        .eael-simple-menu-container.eael-simple-menu--loading li ul {\n                            visibility: hidden !important;\n                            opacity: 0 !important;\n                        }\n                    <\/style>            <div data-hamburger-icon=\"&lt;svg aria-hidden=&quot;true&quot; class=&quot;e-font-icon-svg e-fas-bars&quot; viewBox=&quot;0 0 448 512&quot; xmlns=&quot;http:\/\/www.w3.org\/2000\/svg&quot;&gt;&lt;path d=&quot;M16 132h416c8.837 0 16-7.163 16-16V76c0-8.837-7.163-16-16-16H16C7.163 60 0 67.163 0 76v40c0 8.837 7.163 16 16 16zm0 160h416c8.837 0 16-7.163 16-16v-40c0-8.837-7.163-16-16-16H16c-8.837 0-16 7.163-16 16v40c0 8.837 7.163 16 16 16zm0 160h416c8.837 0 16-7.163 16-16v-40c0-8.837-7.163-16-16-16H16c-8.837 0-16 7.163-16 16v40c0 8.837 7.163 16 16 16z&quot;&gt;&lt;\/path&gt;&lt;\/svg&gt;\" data-indicator-icon=\"&lt;svg aria-hidden=&quot;true&quot; class=&quot;e-font-icon-svg e-fas-angle-down&quot; viewBox=&quot;0 0 320 512&quot; xmlns=&quot;http:\/\/www.w3.org\/2000\/svg&quot;&gt;&lt;path d=&quot;M143 352.3L7 216.3c-9.4-9.4-9.4-24.6 0-33.9l22.6-22.6c9.4-9.4 24.6-9.4 33.9 0l96.4 96.4 96.4-96.4c9.4-9.4 24.6-9.4 33.9 0l22.6 22.6c9.4 9.4 9.4 24.6 0 33.9l-136 136c-9.2 9.4-24.4 9.4-33.8 0z&quot;&gt;&lt;\/path&gt;&lt;\/svg&gt;\" data-dropdown-indicator-icon=\"&lt;svg class=&quot;e-font-icon-svg e-fas-angle-down&quot; viewBox=&quot;0 0 320 512&quot; xmlns=&quot;http:\/\/www.w3.org\/2000\/svg&quot;&gt;&lt;path d=&quot;M143 352.3L7 216.3c-9.4-9.4-9.4-24.6 0-33.9l22.6-22.6c9.4-9.4 24.6-9.4 33.9 0l96.4 96.4 96.4-96.4c9.4-9.4 24.6-9.4 33.9 0l22.6 22.6c9.4 9.4 9.4 24.6 0 33.9l-136 136c-9.2 9.4-24.4 9.4-33.8 0z&quot;&gt;&lt;\/path&gt;&lt;\/svg&gt;\" class=\"eael-simple-menu-container eael-simple-menu--loading eael-simple-menu-align-left eael-simple-menu-dropdown-align-left preset-2\" data-hamburger-breakpoints=\"{&quot;mobile&quot;:&quot;Mobile Portrait (&gt; 767px)&quot;,&quot;tablet&quot;:&quot;Tablet Portrait (&gt; 1024px)&quot;,&quot;desktop&quot;:&quot;Desktop (&gt; 2400px)&quot;,&quot;none&quot;:&quot;None&quot;}\" data-hamburger-device=\"tablet\">\n                <ul id=\"menu-leistungen\" class=\"eael-simple-menu eael-simple-menu-dropdown-animate-to-top eael-simple-menu-indicator eael-simple-menu-vertical\"><li id=\"menu-item-622\" class=\"menu-item menu-item-type-post_type menu-item-object-page menu-item-622\"><a href=\"https:\/\/hausarztpraxis-markgr\u00f6ningen.de\/?page_id=353\">Allgemeinmedizin<\/a><\/li>\n<li id=\"menu-item-621\" class=\"menu-item menu-item-type-post_type menu-item-object-page menu-item-621\"><a href=\"https:\/\/hausarztpraxis-markgr\u00f6ningen.de\/?page_id=419\">Kompliment\u00e4rmedizin<\/a><\/li>\n<li id=\"menu-item-617\" class=\"menu-item menu-item-type-post_type menu-item-object-page menu-item-617\"><a href=\"https:\/\/hausarztpraxis-markgr\u00f6ningen.de\/?page_id=425\">Vorsorge<\/a><\/li>\n<li id=\"menu-item-618\" class=\"menu-item menu-item-type-post_type menu-item-object-page menu-item-618\"><a href=\"https:\/\/hausarztpraxis-markgr\u00f6ningen.de\/?page_id=462\">Diagnostik<\/a><\/li>\n<li id=\"menu-item-619\" class=\"menu-item menu-item-type-post_type menu-item-object-page menu-item-619\"><a href=\"https:\/\/hausarztpraxis-markgr\u00f6ningen.de\/?page_id=459\">Antr\u00e4ge<\/a><\/li>\n<li id=\"menu-item-620\" class=\"menu-item menu-item-type-post_type menu-item-object-page menu-item-620\"><a href=\"https:\/\/hausarztpraxis-markgr\u00f6ningen.de\/?page_id=457\">Palliativmedizin<\/a><\/li>\n<\/ul>                <button class=\"eael-simple-menu-toggle\">\n                    <span class=\"sr-only \">Hamburger Toggle Menu<\/span>\n                    <svg aria-hidden=\"true\" class=\"e-font-icon-svg e-fas-bars\" viewBox=\"0 0 448 512\" xmlns=\"http:\/\/www.w3.org\/2000\/svg\"><path d=\"M16 132h416c8.837 0 16-7.163 16-16V76c0-8.837-7.163-16-16-16H16C7.163 60 0 67.163 0 76v40c0 8.837 7.163 16 16 16zm0 160h416c8.837 0 16-7.163 16-16v-40c0-8.837-7.163-16-16-16H16c-8.837 0-16 7.163-16 16v40c0 8.837 7.163 16 16 16zm0 160h416c8.837 0 16-7.163 16-16v-40c0-8.837-7.163-16-16-16H16c-8.837 0-16 7.163-16 16v40c0 8.837 7.163 16 16 16z\"><\/path><\/svg>                <\/button>\n            <\/div>\n            \t\t\t\t<\/div>\n\t\t\t\t<\/div>\n\t\t\t\t<\/div>\n\t\t<div class=\"elementor-element elementor-element-b2d20b2 e-con-full e-flex e-con e-child\" data-id=\"b2d20b2\" data-element_type=\"container\" data-e-type=\"container\" data-settings=\"{&quot;background_background&quot;:&quot;classic&quot;}\">\n\t\t\t\t<div class=\"elementor-element elementor-element-7d94044 elementor-widget elementor-widget-text-editor\" data-id=\"7d94044\" data-element_type=\"widget\" data-e-type=\"widget\" data-widget_type=\"text-editor.default\">\n\t\t\t\t<div class=\"elementor-widget-container\">\n\t\t\t\t\t\t\t\t\t<div id=\"main\"><div class=\"inside\"><div id=\"article-1051\" class=\"mod_article first last articleFirst articleOdd block\"><div class=\"article-inside\"><div id=\"main\"><div class=\"inside\"><div id=\"article-1053\" class=\"mod_article first last  articleFirst articleOdd block\"><div class=\"article-inside\"><div class=\"ce_text first last block\"><div id=\"ce-7990\" class=\"ce-inside\"><p>Wir unterst\u00fctzen Sie bei der Beantragung verschiedener Leistungen und stehen Ihnen stets mit Rat und Tat zur Seite. Zu diesen leistungen geh\u00f6ren unter anderem:<\/p><p>\u00a0<\/p><ul><li>Rehabilitationsantrag<\/li><li>Wiedereingliederung ins Berufsleben<\/li><li>F\u00fchrerscheintauglichkeitsattest<\/li><li>Tauchtauglichkeitsattest<\/li><li>Anfragen des Landratsamtes und der Rentenversicherungstr\u00e4ger<\/li><li>Versicherungsgutachten<\/li><li>Gutachten f\u00fcr die Krankenkassen<\/li><li>\u00c4rztliche Bescheinigung f\u00fcr die Aufnahme ins Pflegeheim<\/li><li>Beratung und Erstellung einer Patientenverf\u00fcgung<\/li><li>Atteste wegen Krankheit : z.B. Sportstudio, Schule, Universit\u00e4t<\/li><\/ul><p>\u00a0<\/p><\/div><p>Wo es uns m\u00f6glich und erlaubt ist, werden wir die erforderlichen Schritte auch direkt mit den zust\u00e4ndigen Beh\u00f6rden kl\u00e4ren.<\/p><p>Bitte haben Sie Verst\u00e4ndnis, dass dies nicht in jedem Fall m\u00f6glich ist. Zudem werden viele dieser Leistungen nicht von den Krankenkassen \u00fcbernommen und es handelt sich in diesem Fall um eine Selbstzahlerleistung.<\/p><\/div><p>Wichtig: Wir bitten Sie, Atteste und Gutachten rechtzeitig zu beantragen, da im Praxisablauf immer die Behandlung der Patienten und der Akutf\u00e4lle Vorrang haben! Gerne k\u00f6nnen Sie uns die Anfrage auch per eMail senden. Bitte achten Sie auf die Vollst\u00e4ndigkeit der Unterlagen und einer exakten Erl\u00e4uterung, was Sie ben\u00f6tigen. Vielen Dank.<\/p><\/div><\/div><\/div><\/div><\/div><\/div><\/div><\/div>\t\t\t\t\t\t\t\t<\/div>\n\t\t\t\t<\/div>\n\t\t\t\t<\/div>\n\t\t\t\t\t<\/div>\n\t\t\t\t<\/div>\n\t\t<div class=\"elementor-element elementor-element-31c4549 e-flex e-con-boxed e-con e-parent\" data-id=\"31c4549\" data-element_type=\"container\" data-e-type=\"container\" data-settings=\"{&quot;background_background&quot;:&quot;classic&quot;}\">\n\t\t\t\t\t<div class=\"e-con-inner\">\n\t\t<div class=\"elementor-element elementor-element-af57257 e-grid e-con-full e-con e-child\" data-id=\"af57257\" data-element_type=\"container\" data-e-type=\"container\" data-settings=\"{&quot;background_background&quot;:&quot;classic&quot;}\">\n\t\t<div class=\"elementor-element elementor-element-110236e e-con-full e-flex e-con e-child\" data-id=\"110236e\" data-element_type=\"container\" data-e-type=\"container\" data-settings=\"{&quot;background_background&quot;:&quot;classic&quot;}\">\n\t\t\t\t<\/div>\n\t\t\t\t<div class=\"elementor-element elementor-element-a4b68ed elementor-widget elementor-widget-text-editor\" data-id=\"a4b68ed\" data-element_type=\"widget\" data-e-type=\"widget\" data-widget_type=\"text-editor.default\">\n\t\t\t\t<div class=\"elementor-widget-container\">\n\t\t\t\t\t\t\t\t\t<div class=\"ce_sHtml5Start footer-col block\"><div class=\"ce_text block\"><div id=\"ce-7884\" class=\"ce-inside\"><h5>Sprechzeiten<\/h5><table><tbody><tr><td><div>Mo<\/div><\/td><td><div>08:00\u201312:00 &amp; 14:00\u201317:00<\/div><\/td><\/tr><tr><td><div>Di<\/div><\/td><td><div>08:00\u201312:00 &amp; 14:00\u201317:00<\/div><\/td><\/tr><tr><td><div>Mi<\/div><\/td><td><div>08:00\u201312:00 &amp; 14:00\u201317:00<\/div><\/td><\/tr><tr><td><div>Do<\/div><\/td><td><div>08:00\u201312:00 &amp; 14:00\u201317:00<\/div><\/td><\/tr><tr><td><div>Fr<\/div><\/td><td><div>08:00\u201312:00<\/div><\/td><\/tr><\/tbody><\/table><\/div><\/div><\/div>\t\t\t\t\t\t\t\t<\/div>\n\t\t\t\t<\/div>\n\t\t\t\t<div class=\"elementor-element elementor-element-57328bd elementor-widget elementor-widget-text-editor\" data-id=\"57328bd\" data-element_type=\"widget\" data-e-type=\"widget\" data-widget_type=\"text-editor.default\">\n\t\t\t\t<div class=\"elementor-widget-container\">\n\t\t\t\t\t\t\t\t\t<h5>Kontakt<\/h5><p>Haus\u00e4rztliche Gemeinschaftspraxis Markgr\u00f6ningen<\/p><p>Gerberg\u00e4\u00dfle 10<br \/>71706 Markgr\u00f6ningen<\/p><p><a href=\"tel:004971458098\">Telefon: 07145 8098<\/a><\/p><p><a href=\"&#109;&#x61;&#x69;&#108;&#x74;&#x6f;&#58;&#x69;&#x6e;&#102;&#x6f;&#x40;&#104;&#x61;&#x75;&#115;&#x61;&#x72;&#122;&#x74;&#x70;&#114;&#x61;&#x78;&#105;&#x73;&#x2d;m&#x61;&#x72;k&#x67;&#x72;\u00f6&#x6e;i&#110;&#x67;e&#110;&#x2e;d&#101;\">&#x49;&#110;f&#x6f;&#64;H&#x61;&#x75;&#115;&#x61;&#x72;&#122;t&#x70;&#114;a&#x78;&#x69;&#115;&#x2d;&#x4d;&#97;r&#x6b;&#103;r\u00f6&#110;&#x69;&#x6e;&#103;e&#x6e;&#46;d&#x65;<\/a><\/p>\t\t\t\t\t\t\t\t<\/div>\n\t\t\t\t<\/div>\n\t\t\t\t<div class=\"elementor-element elementor-element-0246043 elementor-widget elementor-widget-text-editor\" data-id=\"0246043\" data-element_type=\"widget\" data-e-type=\"widget\" data-widget_type=\"text-editor.default\">\n\t\t\t\t<div class=\"elementor-widget-container\">\n\t\t\t\t\t\t\t\t\t<h5 class=\"ce_headline\">Hilfreiche Links<\/h5><p id=\"navi-footer\" class=\"mod_customnav navi block\"><a href=\"https:\/\/hausarztpraxis-markgr\u00f6ningen.de\/?page_id=312\">Kontakt &amp; Sprechzeiten<\/a><\/p><nav class=\"mod_customnav navi block\"><p><a href=\"https:\/\/hausarztpraxis-markgr\u00f6ningen.de\/?page_id=493\">Anfahrt &amp; Lage<\/a><\/p><p><a href=\"https:\/\/hausarztpraxis-markgr\u00f6ningen.de\/?page_id=521\">Rezepte &amp; \u00dcberweisungen<\/a><\/p><p><a href=\"https:\/\/hausarztpraxis-markgr\u00f6ningen.de\/?page_id=499\">Notfall<\/a><\/p><\/nav>\t\t\t\t\t\t\t\t<\/div>\n\t\t\t\t<\/div>\n\t\t\t\t<\/div>\n\t\t\t\t<div class=\"elementor-element elementor-element-1bd1faa elementor-widget__width-inherit elementor-widget elementor-widget-text-editor\" data-id=\"1bd1faa\" data-element_type=\"widget\" data-e-type=\"widget\" data-widget_type=\"text-editor.default\">\n\t\t\t\t<div class=\"elementor-widget-container\">\n\t\t\t\t\t\t\t\t\t<p>\u00a0<\/p><p>\u00a9 2025\u00a0\u00a0\u00a0 <a href=\"http:\/\/www.hausarztpraxis-markgr\u00f6ningen.de\/\">Haus\u00e4rztliche Gemeinschaftspraxis Markgr\u00f6ningen<\/a> \u00a0\u00a0 | \u00a0\u00a0 <a href=\"https:\/\/hausarztpraxis-markgr\u00f6ningen.de\/?page_id=1015\">Impressum<\/a> &amp; <a href=\"https:\/\/hausarztpraxis-markgr\u00f6ningen.de\/?page_id=1033\">Datenschutz<\/a>\u00a0<\/p>\t\t\t\t\t\t\t\t<\/div>\n\t\t\t\t<\/div>\n\t\t\t\t\t<\/div>\n\t\t\t\t<\/div>\n\t\t\t\t<\/div>\n\t\t","protected":false},"excerpt":{"rendered":"<p>Leistungen Allgemeinmedizin Kompliment\u00e4rmedizin Vorsorge Diagnostik Antr\u00e4ge Palliativmedizin Praxis Aktuelles Service Kontakt Anfahrt &#038; Parken Rezepte &#038; \u00dcberweisungen Notfall Links Hamburger Toggle Menu Antr\u00e4ge Leistungen Allgemeinmedizin Kompliment\u00e4rmedizin Vorsorge Diagnostik Antr\u00e4ge Palliativmedizin Hamburger Toggle Menu Wir unterst\u00fctzen Sie bei der Beantragung verschiedener Leistungen und stehen Ihnen stets mit Rat und Tat zur Seite. Zu diesen leistungen geh\u00f6ren [&hellip;]<\/p>\n","protected":false},"author":1,"featured_media":0,"parent":0,"menu_order":5,"comment_status":"closed","ping_status":"closed","template":"elementor_canvas","meta":{"footnotes":""},"class_list":["post-459","page","type-page","status-publish","hentry"],"_links":{"self":[{"href":"https:\/\/hausarztpraxis-markgr\u00f6ningen.de\/index.php?rest_route=\/wp\/v2\/pages\/459","targetHints":{"allow":["GET"]}}],"collection":[{"href":"https:\/\/hausarztpraxis-markgr\u00f6ningen.de\/index.php?rest_route=\/wp\/v2\/pages"}],"about":[{"href":"https:\/\/hausarztpraxis-markgr\u00f6ningen.de\/index.php?rest_route=\/wp\/v2\/types\/page"}],"author":[{"embeddable":true,"href":"https:\/\/hausarztpraxis-markgr\u00f6ningen.de\/index.php?rest_route=\/wp\/v2\/users\/1"}],"replies":[{"embeddable":true,"href":"https:\/\/hausarztpraxis-markgr\u00f6ningen.de\/index.php?rest_route=%2Fwp%2Fv2%2Fcomments&post=459"}],"version-history":[{"count":20,"href":"https:\/\/hausarztpraxis-markgr\u00f6ningen.de\/index.php?rest_route=\/wp\/v2\/pages\/459\/revisions"}],"predecessor-version":[{"id":1296,"href":"https:\/\/hausarztpraxis-markgr\u00f6ningen.de\/index.php?rest_route=\/wp\/v2\/pages\/459\/revisions\/1296"}],"wp:attachment":[{"href":"https:\/\/hausarztpraxis-markgr\u00f6ningen.de\/index.php?rest_route=%2Fwp%2Fv2%2Fmedia&parent=459"}],"curies":[{"name":"wp","href":"https:\/\/api.w.org\/{rel}","templated":true}]}}