{"id":655,"date":"2025-02-06T17:01:45","date_gmt":"2025-02-06T17:01:45","guid":{"rendered":"https:\/\/hausarztpraxis-markgr\u00f6ningen.de\/startseite\/?page_id=655"},"modified":"2025-07-28T11:51:53","modified_gmt":"2025-07-28T11:51:53","slug":"leistungen","status":"publish","type":"page","link":"https:\/\/hausarztpraxis-markgr\u00f6ningen.de\/?page_id=655","title":{"rendered":"Leistungen"},"content":{"rendered":"\t\t<div data-elementor-type=\"wp-page\" data-elementor-id=\"655\" class=\"elementor elementor-655\">\n\t\t\t\t<div class=\"elementor-element elementor-element-f0cdc9c e-flex e-con-boxed e-con e-parent\" data-id=\"f0cdc9c\" data-element_type=\"container\" data-e-type=\"container\">\n\t\t\t\t\t<div class=\"e-con-inner\">\n\t\t<a class=\"elementor-element elementor-element-36c804d e-con-full e-flex e-con e-child\" data-id=\"36c804d\" data-element_type=\"container\" data-e-type=\"container\" data-settings=\"{&quot;background_background&quot;:&quot;classic&quot;}\" href=\"https:\/\/www.hausarztpraxis-markgr\u00f6ningen.de\">\n\t\t\t\t<\/a>\n\t\t<div class=\"elementor-element elementor-element-f19e9fe e-con-full e-flex e-con e-child\" data-id=\"f19e9fe\" data-element_type=\"container\" data-e-type=\"container\">\n\t\t\t\t<div class=\"elementor-element elementor-element-52db1ab eael-simple-menu-hamburger-align-center eael-hamburger--mobile elementor-widget-tablet__width-inherit elementor-widget elementor-widget-eael-simple-menu\" data-id=\"52db1ab\" data-element_type=\"widget\" data-e-type=\"widget\" data-widget_type=\"eael-simple-menu.default\">\n\t\t\t\t<div class=\"elementor-widget-container\">\n\t\t\t\t\t<style>\n                        @media screen and (max-width: 767px) {\n                            .eael-hamburger--mobile {\n                                .eael-simple-menu-horizontal,\n                                .eael-simple-menu-vertical {\n                                    display: none;\n                                }\n                            }\n                            .eael-hamburger--mobile {\n                                .eael-simple-menu-container .eael-simple-menu-toggle {\n                                    display: block;\n                                }\n                            }\n                        }\n                        .eael-simple-menu-container.eael-simple-menu--loading > ul {\n                            display: -webkit-box !important;\n                            display: -ms-flexbox !important;\n                            display: flex !important;\n                            list-style: none !important;\n                        }\n                        .eael-simple-menu-container.eael-simple-menu--loading li ul {\n                            visibility: hidden !important;\n                            opacity: 0 !important;\n                        }\n                    <\/style>            <div data-hamburger-icon=\"&lt;svg aria-hidden=&quot;true&quot; class=&quot;e-font-icon-svg e-fas-bars&quot; viewBox=&quot;0 0 448 512&quot; xmlns=&quot;http:\/\/www.w3.org\/2000\/svg&quot;&gt;&lt;path d=&quot;M16 132h416c8.837 0 16-7.163 16-16V76c0-8.837-7.163-16-16-16H16C7.163 60 0 67.163 0 76v40c0 8.837 7.163 16 16 16zm0 160h416c8.837 0 16-7.163 16-16v-40c0-8.837-7.163-16-16-16H16c-8.837 0-16 7.163-16 16v40c0 8.837 7.163 16 16 16zm0 160h416c8.837 0 16-7.163 16-16v-40c0-8.837-7.163-16-16-16H16c-8.837 0-16 7.163-16 16v40c0 8.837 7.163 16 16 16z&quot;&gt;&lt;\/path&gt;&lt;\/svg&gt;\" data-indicator-icon=\"&lt;svg aria-hidden=&quot;true&quot; class=&quot;e-font-icon-svg e-fas-angle-down&quot; viewBox=&quot;0 0 320 512&quot; xmlns=&quot;http:\/\/www.w3.org\/2000\/svg&quot;&gt;&lt;path d=&quot;M143 352.3L7 216.3c-9.4-9.4-9.4-24.6 0-33.9l22.6-22.6c9.4-9.4 24.6-9.4 33.9 0l96.4 96.4 96.4-96.4c9.4-9.4 24.6-9.4 33.9 0l22.6 22.6c9.4 9.4 9.4 24.6 0 33.9l-136 136c-9.2 9.4-24.4 9.4-33.8 0z&quot;&gt;&lt;\/path&gt;&lt;\/svg&gt;\" data-dropdown-indicator-icon=\"&lt;svg class=&quot;e-font-icon-svg e-fas-angle-down&quot; viewBox=&quot;0 0 320 512&quot; xmlns=&quot;http:\/\/www.w3.org\/2000\/svg&quot;&gt;&lt;path d=&quot;M143 352.3L7 216.3c-9.4-9.4-9.4-24.6 0-33.9l22.6-22.6c9.4-9.4 24.6-9.4 33.9 0l96.4 96.4 96.4-96.4c9.4-9.4 24.6-9.4 33.9 0l22.6 22.6c9.4 9.4 9.4 24.6 0 33.9l-136 136c-9.2 9.4-24.4 9.4-33.8 0z&quot;&gt;&lt;\/path&gt;&lt;\/svg&gt;\" class=\"eael-simple-menu-container eael-simple-menu--loading eael-simple-menu-align-center eael-simple-menu--stretch eael-simple-menu-dropdown-align-left preset-2\" data-hamburger-breakpoints=\"{&quot;mobile&quot;:&quot;Mobile Portrait (&gt; 767px)&quot;,&quot;tablet&quot;:&quot;Tablet Portrait (&gt; 1024px)&quot;,&quot;desktop&quot;:&quot;Desktop (&gt; 2400px)&quot;,&quot;none&quot;:&quot;None&quot;}\" data-hamburger-device=\"mobile\">\n                <ul id=\"menu-hauptmenue\" class=\"eael-simple-menu eael-simple-menu-dropdown-animate-to-top eael-simple-menu-indicator eael-simple-menu-horizontal\"><li id=\"menu-item-661\" class=\"menu-item menu-item-type-post_type menu-item-object-page menu-item-has-children menu-item-661\"><a href=\"https:\/\/hausarztpraxis-markgr\u00f6ningen.de\/?page_id=655\">Leistungen<\/a>\n<ul class=\"sub-menu\">\n\t<li id=\"menu-item-584\" class=\"menu-item menu-item-type-post_type menu-item-object-page menu-item-584\"><a href=\"https:\/\/hausarztpraxis-markgr\u00f6ningen.de\/?page_id=353\">Allgemeinmedizin<\/a><\/li>\n\t<li id=\"menu-item-583\" class=\"menu-item menu-item-type-post_type menu-item-object-page menu-item-583\"><a href=\"https:\/\/hausarztpraxis-markgr\u00f6ningen.de\/?page_id=419\">Kompliment\u00e4rmedizin<\/a><\/li>\n\t<li id=\"menu-item-576\" class=\"menu-item menu-item-type-post_type menu-item-object-page menu-item-576\"><a href=\"https:\/\/hausarztpraxis-markgr\u00f6ningen.de\/?page_id=425\">Vorsorge<\/a><\/li>\n\t<li id=\"menu-item-580\" class=\"menu-item menu-item-type-post_type menu-item-object-page menu-item-580\"><a href=\"https:\/\/hausarztpraxis-markgr\u00f6ningen.de\/?page_id=462\">Diagnostik<\/a><\/li>\n\t<li id=\"menu-item-581\" class=\"menu-item menu-item-type-post_type menu-item-object-page menu-item-581\"><a href=\"https:\/\/hausarztpraxis-markgr\u00f6ningen.de\/?page_id=459\">Antr\u00e4ge<\/a><\/li>\n\t<li id=\"menu-item-582\" class=\"menu-item menu-item-type-post_type menu-item-object-page menu-item-582\"><a href=\"https:\/\/hausarztpraxis-markgr\u00f6ningen.de\/?page_id=457\">Palliativmedizin<\/a><\/li>\n<\/ul>\n<\/li>\n<li id=\"menu-item-577\" class=\"menu-item menu-item-type-post_type menu-item-object-page menu-item-577\"><a href=\"https:\/\/hausarztpraxis-markgr\u00f6ningen.de\/?page_id=387\">Praxis<\/a><\/li>\n<li id=\"menu-item-723\" class=\"menu-item menu-item-type-post_type menu-item-object-page menu-item-723\"><a href=\"https:\/\/hausarztpraxis-markgr\u00f6ningen.de\/?page_id=721\">Aktuelles<\/a><\/li>\n<li id=\"menu-item-610\" class=\"menu-item menu-item-type-post_type menu-item-object-page menu-item-has-children menu-item-610\"><a href=\"https:\/\/hausarztpraxis-markgr\u00f6ningen.de\/?page_id=589\">Service<\/a>\n<ul class=\"sub-menu\">\n\t<li id=\"menu-item-615\" class=\"menu-item menu-item-type-post_type menu-item-object-page menu-item-615\"><a href=\"https:\/\/hausarztpraxis-markgr\u00f6ningen.de\/?page_id=312\">Kontakt<\/a><\/li>\n\t<li id=\"menu-item-614\" class=\"menu-item menu-item-type-post_type menu-item-object-page menu-item-614\"><a href=\"https:\/\/hausarztpraxis-markgr\u00f6ningen.de\/?page_id=493\">Anfahrt &#038; Parken<\/a><\/li>\n\t<li id=\"menu-item-612\" class=\"menu-item menu-item-type-post_type menu-item-object-page menu-item-612\"><a href=\"https:\/\/hausarztpraxis-markgr\u00f6ningen.de\/?page_id=521\">Rezepte &#038; \u00dcberweisungen<\/a><\/li>\n\t<li id=\"menu-item-613\" class=\"menu-item menu-item-type-post_type menu-item-object-page menu-item-613\"><a href=\"https:\/\/hausarztpraxis-markgr\u00f6ningen.de\/?page_id=499\">Notfall<\/a><\/li>\n\t<li id=\"menu-item-611\" class=\"menu-item menu-item-type-post_type menu-item-object-page menu-item-611\"><a href=\"https:\/\/hausarztpraxis-markgr\u00f6ningen.de\/?page_id=543\">Links<\/a><\/li>\n<\/ul>\n<\/li>\n<\/ul>                <button class=\"eael-simple-menu-toggle\">\n                    <span class=\"sr-only \">Hamburger Toggle Menu<\/span>\n                    <svg aria-hidden=\"true\" class=\"e-font-icon-svg e-fas-bars\" viewBox=\"0 0 448 512\" xmlns=\"http:\/\/www.w3.org\/2000\/svg\"><path d=\"M16 132h416c8.837 0 16-7.163 16-16V76c0-8.837-7.163-16-16-16H16C7.163 60 0 67.163 0 76v40c0 8.837 7.163 16 16 16zm0 160h416c8.837 0 16-7.163 16-16v-40c0-8.837-7.163-16-16-16H16c-8.837 0-16 7.163-16 16v40c0 8.837 7.163 16 16 16zm0 160h416c8.837 0 16-7.163 16-16v-40c0-8.837-7.163-16-16-16H16c-8.837 0-16 7.163-16 16v40c0 8.837 7.163 16 16 16z\"><\/path><\/svg>                <\/button>\n            <\/div>\n            \t\t\t\t<\/div>\n\t\t\t\t<\/div>\n\t\t\t\t<\/div>\n\t\t\t\t\t<\/div>\n\t\t\t\t<\/div>\n\t\t<div class=\"elementor-element elementor-element-3369159 e-flex e-con-boxed e-con e-parent\" data-id=\"3369159\" data-element_type=\"container\" data-e-type=\"container\" data-settings=\"{&quot;background_background&quot;:&quot;classic&quot;}\">\n\t\t\t\t\t<div class=\"e-con-inner\">\n\t\t<div class=\"elementor-element elementor-element-ff8d14b e-con-full e-flex e-con e-child\" data-id=\"ff8d14b\" data-element_type=\"container\" data-e-type=\"container\">\n\t\t\t\t<div class=\"elementor-element elementor-element-4d386a1 elementor-widget elementor-widget-text-editor\" data-id=\"4d386a1\" data-element_type=\"widget\" data-e-type=\"widget\" data-widget_type=\"text-editor.default\">\n\t\t\t\t<div class=\"elementor-widget-container\">\n\t\t\t\t\t\t\t\t\t<h2 style=\"text-align: center;\">Medizinische Leistungen in Ihrer Hausarztpraxis Markgr\u00f6ningen<\/h2>\t\t\t\t\t\t\t\t<\/div>\n\t\t\t\t<\/div>\n\t\t\t\t<\/div>\n\t\t<div class=\"elementor-element elementor-element-55f948b e-con-full e-flex e-con e-child\" data-id=\"55f948b\" data-element_type=\"container\" data-e-type=\"container\">\n\t\t<div class=\"elementor-element elementor-element-1899a00 e-con-full e-flex e-con e-child\" data-id=\"1899a00\" data-element_type=\"container\" data-e-type=\"container\" data-settings=\"{&quot;background_background&quot;:&quot;classic&quot;}\">\n\t\t\t\t<div class=\"elementor-element elementor-element-6c8ccc4 elementor-align-left elementor-tablet-align-left elementor-widget elementor-widget-button\" data-id=\"6c8ccc4\" data-element_type=\"widget\" data-e-type=\"widget\" data-widget_type=\"button.default\">\n\t\t\t\t<div class=\"elementor-widget-container\">\n\t\t\t\t\t\t\t\t\t<div class=\"elementor-button-wrapper\">\n\t\t\t\t\t<a class=\"elementor-button elementor-button-link elementor-size-sm elementor-animation-grow\" href=\"https:\/\/hausarztpraxis-markgr\u00f6ningen.de\/startseite\/?page_id=353\">\n\t\t\t\t\t\t<span class=\"elementor-button-content-wrapper\">\n\t\t\t\t\t\t\t\t\t<span class=\"elementor-button-text\">Allgemeinmedizin<\/span>\n\t\t\t\t\t<\/span>\n\t\t\t\t\t<\/a>\n\t\t\t\t<\/div>\n\t\t\t\t\t\t\t\t<\/div>\n\t\t\t\t<\/div>\n\t\t\t\t<\/div>\n\t\t<div class=\"elementor-element elementor-element-7a08ff2 e-con-full e-flex e-con e-child\" data-id=\"7a08ff2\" data-element_type=\"container\" data-e-type=\"container\" data-settings=\"{&quot;background_background&quot;:&quot;classic&quot;}\">\n\t\t\t\t<div class=\"elementor-element elementor-element-322e717 elementor-align-left elementor-widget elementor-widget-button\" data-id=\"322e717\" data-element_type=\"widget\" data-e-type=\"widget\" data-widget_type=\"button.default\">\n\t\t\t\t<div class=\"elementor-widget-container\">\n\t\t\t\t\t\t\t\t\t<div class=\"elementor-button-wrapper\">\n\t\t\t\t\t<a class=\"elementor-button elementor-button-link elementor-size-sm elementor-animation-grow\" href=\"#\">\n\t\t\t\t\t\t<span class=\"elementor-button-content-wrapper\">\n\t\t\t\t\t\t\t\t\t<span class=\"elementor-button-text\">Komplement\u00e4rmedizin<\/span>\n\t\t\t\t\t<\/span>\n\t\t\t\t\t<\/a>\n\t\t\t\t<\/div>\n\t\t\t\t\t\t\t\t<\/div>\n\t\t\t\t<\/div>\n\t\t\t\t<\/div>\n\t\t<div class=\"elementor-element elementor-element-543c773 e-con-full e-flex e-con e-child\" data-id=\"543c773\" data-element_type=\"container\" data-e-type=\"container\" data-settings=\"{&quot;background_background&quot;:&quot;classic&quot;}\">\n\t\t\t\t<div class=\"elementor-element elementor-element-9f8ac68 elementor-align-left elementor-widget elementor-widget-button\" data-id=\"9f8ac68\" data-element_type=\"widget\" data-e-type=\"widget\" data-widget_type=\"button.default\">\n\t\t\t\t<div class=\"elementor-widget-container\">\n\t\t\t\t\t\t\t\t\t<div class=\"elementor-button-wrapper\">\n\t\t\t\t\t<a class=\"elementor-button elementor-button-link elementor-size-sm elementor-animation-grow\" href=\"#\">\n\t\t\t\t\t\t<span class=\"elementor-button-content-wrapper\">\n\t\t\t\t\t\t\t\t\t<span class=\"elementor-button-text\">Vorsorge<\/span>\n\t\t\t\t\t<\/span>\n\t\t\t\t\t<\/a>\n\t\t\t\t<\/div>\n\t\t\t\t\t\t\t\t<\/div>\n\t\t\t\t<\/div>\n\t\t\t\t<\/div>\n\t\t\t\t<\/div>\n\t\t<div class=\"elementor-element elementor-element-64800ee e-con-full e-flex e-con e-child\" data-id=\"64800ee\" data-element_type=\"container\" data-e-type=\"container\">\n\t\t<div class=\"elementor-element elementor-element-5dbfca5 e-con-full e-flex e-con e-child\" data-id=\"5dbfca5\" data-element_type=\"container\" data-e-type=\"container\" data-settings=\"{&quot;background_background&quot;:&quot;classic&quot;}\">\n\t\t\t\t<div class=\"elementor-element elementor-element-7a0af1a elementor-align-left elementor-tablet-align-left elementor-widget elementor-widget-button\" data-id=\"7a0af1a\" data-element_type=\"widget\" data-e-type=\"widget\" data-widget_type=\"button.default\">\n\t\t\t\t<div class=\"elementor-widget-container\">\n\t\t\t\t\t\t\t\t\t<div class=\"elementor-button-wrapper\">\n\t\t\t\t\t<a class=\"elementor-button elementor-button-link elementor-size-sm elementor-animation-grow\" href=\"#\">\n\t\t\t\t\t\t<span class=\"elementor-button-content-wrapper\">\n\t\t\t\t\t\t\t\t\t<span class=\"elementor-button-text\">Diagnostik<\/span>\n\t\t\t\t\t<\/span>\n\t\t\t\t\t<\/a>\n\t\t\t\t<\/div>\n\t\t\t\t\t\t\t\t<\/div>\n\t\t\t\t<\/div>\n\t\t\t\t<\/div>\n\t\t<div class=\"elementor-element elementor-element-ef2e4db e-con-full e-flex e-con e-child\" data-id=\"ef2e4db\" data-element_type=\"container\" data-e-type=\"container\" data-settings=\"{&quot;background_background&quot;:&quot;classic&quot;}\">\n\t\t\t\t<div class=\"elementor-element elementor-element-c566d3b elementor-align-left elementor-widget elementor-widget-button\" data-id=\"c566d3b\" data-element_type=\"widget\" data-e-type=\"widget\" data-widget_type=\"button.default\">\n\t\t\t\t<div class=\"elementor-widget-container\">\n\t\t\t\t\t\t\t\t\t<div class=\"elementor-button-wrapper\">\n\t\t\t\t\t<a class=\"elementor-button elementor-button-link elementor-size-sm elementor-animation-grow\" href=\"#\">\n\t\t\t\t\t\t<span class=\"elementor-button-content-wrapper\">\n\t\t\t\t\t\t\t\t\t<span class=\"elementor-button-text\">Antr\u00e4ge<\/span>\n\t\t\t\t\t<\/span>\n\t\t\t\t\t<\/a>\n\t\t\t\t<\/div>\n\t\t\t\t\t\t\t\t<\/div>\n\t\t\t\t<\/div>\n\t\t\t\t<\/div>\n\t\t<div class=\"elementor-element elementor-element-7020df7 e-con-full e-flex e-con e-child\" data-id=\"7020df7\" data-element_type=\"container\" data-e-type=\"container\" data-settings=\"{&quot;background_background&quot;:&quot;classic&quot;}\">\n\t\t\t\t<div class=\"elementor-element elementor-element-0a3368c elementor-align-left elementor-widget elementor-widget-button\" data-id=\"0a3368c\" data-element_type=\"widget\" data-e-type=\"widget\" data-widget_type=\"button.default\">\n\t\t\t\t<div class=\"elementor-widget-container\">\n\t\t\t\t\t\t\t\t\t<div class=\"elementor-button-wrapper\">\n\t\t\t\t\t<a class=\"elementor-button elementor-button-link elementor-size-sm elementor-animation-grow\" href=\"#\">\n\t\t\t\t\t\t<span class=\"elementor-button-content-wrapper\">\n\t\t\t\t\t\t\t\t\t<span class=\"elementor-button-text\">Palliativmedizin<\/span>\n\t\t\t\t\t<\/span>\n\t\t\t\t\t<\/a>\n\t\t\t\t<\/div>\n\t\t\t\t\t\t\t\t<\/div>\n\t\t\t\t<\/div>\n\t\t\t\t<\/div>\n\t\t\t\t<\/div>\n\t\t\t\t\t<\/div>\n\t\t\t\t<\/div>\n\t\t<div class=\"elementor-element elementor-element-c4f4283 e-flex e-con-boxed e-con e-parent\" data-id=\"c4f4283\" data-element_type=\"container\" data-e-type=\"container\">\n\t\t\t\t\t<div class=\"e-con-inner\">\n\t\t\t\t<div class=\"elementor-element elementor-element-ffa19d4 elementor-widget elementor-widget-spacer\" data-id=\"ffa19d4\" data-element_type=\"widget\" data-e-type=\"widget\" data-widget_type=\"spacer.default\">\n\t\t\t\t<div class=\"elementor-widget-container\">\n\t\t\t\t\t\t\t<div class=\"elementor-spacer\">\n\t\t\t<div class=\"elementor-spacer-inner\"><\/div>\n\t\t<\/div>\n\t\t\t\t\t\t<\/div>\n\t\t\t\t<\/div>\n\t\t\t\t\t<\/div>\n\t\t\t\t<\/div>\n\t\t<div class=\"elementor-element elementor-element-200011e e-flex e-con-boxed e-con e-parent\" data-id=\"200011e\" data-element_type=\"container\" data-e-type=\"container\" data-settings=\"{&quot;background_background&quot;:&quot;classic&quot;}\">\n\t\t\t\t\t<div class=\"e-con-inner\">\n\t\t<div class=\"elementor-element elementor-element-d018e6a e-grid e-con-full e-con e-child\" data-id=\"d018e6a\" data-element_type=\"container\" data-e-type=\"container\" data-settings=\"{&quot;background_background&quot;:&quot;classic&quot;}\">\n\t\t<div class=\"elementor-element elementor-element-bdd1a9a e-con-full e-flex e-con e-child\" data-id=\"bdd1a9a\" data-element_type=\"container\" data-e-type=\"container\" data-settings=\"{&quot;background_background&quot;:&quot;classic&quot;}\">\n\t\t\t\t<\/div>\n\t\t\t\t<div class=\"elementor-element elementor-element-41a1fc0 elementor-widget elementor-widget-text-editor\" data-id=\"41a1fc0\" data-element_type=\"widget\" data-e-type=\"widget\" data-widget_type=\"text-editor.default\">\n\t\t\t\t<div class=\"elementor-widget-container\">\n\t\t\t\t\t\t\t\t\t<div class=\"ce_sHtml5Start footer-col block\"><div class=\"ce_text block\"><div id=\"ce-7884\" class=\"ce-inside\"><h5>Telefonsprechzeiten<\/h5><table><tbody><tr><td><div>Mo<\/div><\/td><td><div>09:00\u201311:00 &amp; 15:00\u201317:00<\/div><\/td><\/tr><tr><td><div>Di<\/div><\/td><td><div>09:00\u201311:00 &amp; 15:00\u201317:00<\/div><\/td><\/tr><tr><td><div>Mi<\/div><\/td><td><div>09:00\u201311:00 &amp; 15:00\u201317:00<\/div><\/td><\/tr><tr><td><div>Do<\/div><\/td><td><div>09:00\u201311:00 &amp; 15:00\u201317:00<\/div><\/td><\/tr><tr><td><div>Fr<\/div><\/td><td><div>09:00\u201311:00<\/div><\/td><\/tr><\/tbody><\/table><\/div><\/div><\/div>\t\t\t\t\t\t\t\t<\/div>\n\t\t\t\t<\/div>\n\t\t\t\t<div class=\"elementor-element elementor-element-afe1b20 elementor-widget elementor-widget-text-editor\" data-id=\"afe1b20\" data-element_type=\"widget\" data-e-type=\"widget\" data-widget_type=\"text-editor.default\">\n\t\t\t\t<div class=\"elementor-widget-container\">\n\t\t\t\t\t\t\t\t\t<h5>Kontakt<\/h5><p>Haus\u00e4rztliche Gemeinschaftspraxis Markgr\u00f6ningen<\/p><p>Gerberg\u00e4\u00dfle 10<br \/>71706 Markgr\u00f6ningen<\/p><p><a href=\"tel:004971458098\">Telefon: 07145 8098<\/a><\/p><p><a href=\"&#x6d;a&#x69;&#108;&#x74;&#x6f;:&#x69;&#110;&#x66;&#x6f;&#64;&#x68;&#97;&#x75;&#x73;a&#x72;&#122;&#x74;&#x70;r&#x61;&#120;&#x69;&#x73;-&#x6d;&#97;&#x72;&#x6b;g&#x72;\u00f6&#x6e;i&#x6e;&#103;&#x65;&#x6e;&#46;&#x64;&#101;\">&#73;&#x6e;f&#111;&#x40;&#72;&#x61;u&#115;&#x61;r&#x7a;&#x74;&#112;&#x72;a&#120;&#x69;s&#x2d;&#x4d;&#97;&#x72;k&#103;&#x72;\u00f6n&#105;&#x6e;g&#101;&#x6e;&#46;&#x64;e<\/a><\/p>\t\t\t\t\t\t\t\t<\/div>\n\t\t\t\t<\/div>\n\t\t\t\t<div class=\"elementor-element elementor-element-8b153f1 elementor-widget elementor-widget-text-editor\" data-id=\"8b153f1\" data-element_type=\"widget\" data-e-type=\"widget\" data-widget_type=\"text-editor.default\">\n\t\t\t\t<div class=\"elementor-widget-container\">\n\t\t\t\t\t\t\t\t\t<h5 class=\"ce_headline\">Hilfreiche Links<\/h5><p id=\"navi-footer\" class=\"mod_customnav navi block\"><a href=\"https:\/\/hausarztpraxis-markgr\u00f6ningen.de\/?page_id=312\">Kontakt &amp; Sprechzeiten<\/a><\/p><nav class=\"mod_customnav navi block\"><p><a href=\"https:\/\/hausarztpraxis-markgr\u00f6ningen.de\/?page_id=493\">Anfahrt &amp; Lage<\/a><\/p><p><a href=\"https:\/\/hausarztpraxis-markgr\u00f6ningen.de\/?page_id=521\">Rezepte &amp; \u00dcberweisungen<\/a><\/p><p><a href=\"https:\/\/hausarztpraxis-markgr\u00f6ningen.de\/?page_id=499\">Notfall<\/a><\/p><\/nav>\t\t\t\t\t\t\t\t<\/div>\n\t\t\t\t<\/div>\n\t\t\t\t<\/div>\n\t\t\t\t<div class=\"elementor-element elementor-element-de6b437 elementor-widget__width-inherit elementor-widget elementor-widget-text-editor\" data-id=\"de6b437\" data-element_type=\"widget\" data-e-type=\"widget\" data-widget_type=\"text-editor.default\">\n\t\t\t\t<div class=\"elementor-widget-container\">\n\t\t\t\t\t\t\t\t\t<p>\u00a0<\/p><p>\u00a9 2025\u00a0\u00a0\u00a0 <a href=\"http:\/\/www.hausarztpraxis-markgr\u00f6ningen.de\/\">Haus\u00e4rztliche Gemeinschaftspraxis Markgr\u00f6ningen<\/a> \u00a0\u00a0 | \u00a0\u00a0 <a href=\"https:\/\/hausarztpraxis-markgr\u00f6ningen.de\/?page_id=1015\">Impressum<\/a> &amp; <a href=\"https:\/\/hausarztpraxis-markgr\u00f6ningen.de\/?page_id=1033\">Datenschutz<\/a>\u00a0<\/p>\t\t\t\t\t\t\t\t<\/div>\n\t\t\t\t<\/div>\n\t\t\t\t\t<\/div>\n\t\t\t\t<\/div>\n\t\t\t\t<\/div>\n\t\t","protected":false},"excerpt":{"rendered":"<p>Leistungen Allgemeinmedizin Kompliment\u00e4rmedizin Vorsorge Diagnostik Antr\u00e4ge Palliativmedizin Praxis Aktuelles Service Kontakt Anfahrt &#038; Parken Rezepte &#038; \u00dcberweisungen Notfall Links Hamburger Toggle Menu Medizinische Leistungen in Ihrer Hausarztpraxis Markgr\u00f6ningen Allgemeinmedizin Komplement\u00e4rmedizin Vorsorge Diagnostik Antr\u00e4ge Palliativmedizin Telefonsprechzeiten Mo 09:00\u201311:00 &amp; 15:00\u201317:00 Di 09:00\u201311:00 &amp; 15:00\u201317:00 Mi 09:00\u201311:00 &amp; 15:00\u201317:00 Do 09:00\u201311:00 &amp; 15:00\u201317:00 Fr 09:00\u201311:00 Kontakt Haus\u00e4rztliche [&hellip;]<\/p>\n","protected":false},"author":1,"featured_media":0,"parent":0,"menu_order":0,"comment_status":"closed","ping_status":"closed","template":"elementor_canvas","meta":{"footnotes":""},"class_list":["post-655","page","type-page","status-publish","hentry"],"_links":{"self":[{"href":"https:\/\/hausarztpraxis-markgr\u00f6ningen.de\/index.php?rest_route=\/wp\/v2\/pages\/655","targetHints":{"allow":["GET"]}}],"collection":[{"href":"https:\/\/hausarztpraxis-markgr\u00f6ningen.de\/index.php?rest_route=\/wp\/v2\/pages"}],"about":[{"href":"https:\/\/hausarztpraxis-markgr\u00f6ningen.de\/index.php?rest_route=\/wp\/v2\/types\/page"}],"author":[{"embeddable":true,"href":"https:\/\/hausarztpraxis-markgr\u00f6ningen.de\/index.php?rest_route=\/wp\/v2\/users\/1"}],"replies":[{"embeddable":true,"href":"https:\/\/hausarztpraxis-markgr\u00f6ningen.de\/index.php?rest_route=%2Fwp%2Fv2%2Fcomments&post=655"}],"version-history":[{"count":22,"href":"https:\/\/hausarztpraxis-markgr\u00f6ningen.de\/index.php?rest_route=\/wp\/v2\/pages\/655\/revisions"}],"predecessor-version":[{"id":1473,"href":"https:\/\/hausarztpraxis-markgr\u00f6ningen.de\/index.php?rest_route=\/wp\/v2\/pages\/655\/revisions\/1473"}],"wp:attachment":[{"href":"https:\/\/hausarztpraxis-markgr\u00f6ningen.de\/index.php?rest_route=%2Fwp%2Fv2%2Fmedia&parent=655"}],"curies":[{"name":"wp","href":"https:\/\/api.w.org\/{rel}","templated":true}]}}