{"id":721,"date":"2025-02-06T17:01:44","date_gmt":"2025-02-06T17:01:44","guid":{"rendered":"https:\/\/hausarztpraxis-markgr\u00f6ningen.de\/startseite\/?page_id=721"},"modified":"2025-07-28T11:59:07","modified_gmt":"2025-07-28T11:59:07","slug":"aktuelles","status":"publish","type":"page","link":"https:\/\/hausarztpraxis-markgr\u00f6ningen.de\/?page_id=721","title":{"rendered":"Aktuelles"},"content":{"rendered":"\t\t<div data-elementor-type=\"wp-page\" data-elementor-id=\"721\" class=\"elementor elementor-721\">\n\t\t\t\t<div class=\"elementor-element elementor-element-f0cdc9c e-flex e-con-boxed e-con e-parent\" data-id=\"f0cdc9c\" data-element_type=\"container\" data-e-type=\"container\">\n\t\t\t\t\t<div class=\"e-con-inner\">\n\t\t<a class=\"elementor-element elementor-element-36c804d e-con-full e-flex e-con e-child\" data-id=\"36c804d\" data-element_type=\"container\" data-e-type=\"container\" data-settings=\"{&quot;background_background&quot;:&quot;classic&quot;}\" href=\"https:\/\/www.hausarztpraxis-markgr\u00f6ningen.de\">\n\t\t\t\t<\/a>\n\t\t<div class=\"elementor-element elementor-element-f19e9fe e-con-full e-flex e-con e-child\" data-id=\"f19e9fe\" data-element_type=\"container\" data-e-type=\"container\">\n\t\t\t\t<div class=\"elementor-element elementor-element-4d9ddaf eael-simple-menu-hamburger-align-center eael-hamburger--mobile elementor-widget-tablet__width-inherit elementor-widget elementor-widget-eael-simple-menu\" data-id=\"4d9ddaf\" data-element_type=\"widget\" data-e-type=\"widget\" data-widget_type=\"eael-simple-menu.default\">\n\t\t\t\t<div class=\"elementor-widget-container\">\n\t\t\t\t\t<style>\n                        @media screen and (max-width: 767px) {\n                            .eael-hamburger--mobile {\n                                .eael-simple-menu-horizontal,\n                                .eael-simple-menu-vertical {\n                                    display: none;\n                                }\n                            }\n                            .eael-hamburger--mobile {\n                                .eael-simple-menu-container .eael-simple-menu-toggle {\n                                    display: block;\n                                }\n                            }\n                        }\n                        .eael-simple-menu-container.eael-simple-menu--loading > ul {\n                            display: -webkit-box !important;\n                            display: -ms-flexbox !important;\n                            display: flex !important;\n                            list-style: none !important;\n                        }\n                        .eael-simple-menu-container.eael-simple-menu--loading li ul {\n                            visibility: hidden !important;\n                            opacity: 0 !important;\n                        }\n                    <\/style>            <div data-hamburger-icon=\"&lt;svg aria-hidden=&quot;true&quot; class=&quot;e-font-icon-svg e-fas-bars&quot; viewBox=&quot;0 0 448 512&quot; xmlns=&quot;http:\/\/www.w3.org\/2000\/svg&quot;&gt;&lt;path d=&quot;M16 132h416c8.837 0 16-7.163 16-16V76c0-8.837-7.163-16-16-16H16C7.163 60 0 67.163 0 76v40c0 8.837 7.163 16 16 16zm0 160h416c8.837 0 16-7.163 16-16v-40c0-8.837-7.163-16-16-16H16c-8.837 0-16 7.163-16 16v40c0 8.837 7.163 16 16 16zm0 160h416c8.837 0 16-7.163 16-16v-40c0-8.837-7.163-16-16-16H16c-8.837 0-16 7.163-16 16v40c0 8.837 7.163 16 16 16z&quot;&gt;&lt;\/path&gt;&lt;\/svg&gt;\" data-indicator-icon=\"&lt;svg aria-hidden=&quot;true&quot; class=&quot;e-font-icon-svg e-fas-angle-down&quot; viewBox=&quot;0 0 320 512&quot; xmlns=&quot;http:\/\/www.w3.org\/2000\/svg&quot;&gt;&lt;path d=&quot;M143 352.3L7 216.3c-9.4-9.4-9.4-24.6 0-33.9l22.6-22.6c9.4-9.4 24.6-9.4 33.9 0l96.4 96.4 96.4-96.4c9.4-9.4 24.6-9.4 33.9 0l22.6 22.6c9.4 9.4 9.4 24.6 0 33.9l-136 136c-9.2 9.4-24.4 9.4-33.8 0z&quot;&gt;&lt;\/path&gt;&lt;\/svg&gt;\" data-dropdown-indicator-icon=\"&lt;svg class=&quot;e-font-icon-svg e-fas-angle-down&quot; viewBox=&quot;0 0 320 512&quot; xmlns=&quot;http:\/\/www.w3.org\/2000\/svg&quot;&gt;&lt;path d=&quot;M143 352.3L7 216.3c-9.4-9.4-9.4-24.6 0-33.9l22.6-22.6c9.4-9.4 24.6-9.4 33.9 0l96.4 96.4 96.4-96.4c9.4-9.4 24.6-9.4 33.9 0l22.6 22.6c9.4 9.4 9.4 24.6 0 33.9l-136 136c-9.2 9.4-24.4 9.4-33.8 0z&quot;&gt;&lt;\/path&gt;&lt;\/svg&gt;\" class=\"eael-simple-menu-container eael-simple-menu--loading eael-simple-menu-align-center eael-simple-menu--stretch eael-simple-menu-dropdown-align-left preset-2\" data-hamburger-breakpoints=\"{&quot;mobile&quot;:&quot;Mobile Portrait (&gt; 767px)&quot;,&quot;tablet&quot;:&quot;Tablet Portrait (&gt; 1024px)&quot;,&quot;desktop&quot;:&quot;Desktop (&gt; 2400px)&quot;,&quot;none&quot;:&quot;None&quot;}\" data-hamburger-device=\"mobile\">\n                <ul id=\"menu-hauptmenue\" class=\"eael-simple-menu eael-simple-menu-dropdown-animate-to-top eael-simple-menu-indicator eael-simple-menu-horizontal\"><li id=\"menu-item-661\" class=\"menu-item menu-item-type-post_type menu-item-object-page menu-item-has-children menu-item-661\"><a href=\"https:\/\/hausarztpraxis-markgr\u00f6ningen.de\/?page_id=655\">Leistungen<\/a>\n<ul class=\"sub-menu\">\n\t<li id=\"menu-item-584\" class=\"menu-item menu-item-type-post_type menu-item-object-page menu-item-584\"><a href=\"https:\/\/hausarztpraxis-markgr\u00f6ningen.de\/?page_id=353\">Allgemeinmedizin<\/a><\/li>\n\t<li id=\"menu-item-583\" class=\"menu-item menu-item-type-post_type menu-item-object-page menu-item-583\"><a href=\"https:\/\/hausarztpraxis-markgr\u00f6ningen.de\/?page_id=419\">Kompliment\u00e4rmedizin<\/a><\/li>\n\t<li id=\"menu-item-576\" class=\"menu-item menu-item-type-post_type menu-item-object-page menu-item-576\"><a href=\"https:\/\/hausarztpraxis-markgr\u00f6ningen.de\/?page_id=425\">Vorsorge<\/a><\/li>\n\t<li id=\"menu-item-580\" class=\"menu-item menu-item-type-post_type menu-item-object-page menu-item-580\"><a href=\"https:\/\/hausarztpraxis-markgr\u00f6ningen.de\/?page_id=462\">Diagnostik<\/a><\/li>\n\t<li id=\"menu-item-581\" class=\"menu-item menu-item-type-post_type menu-item-object-page menu-item-581\"><a href=\"https:\/\/hausarztpraxis-markgr\u00f6ningen.de\/?page_id=459\">Antr\u00e4ge<\/a><\/li>\n\t<li id=\"menu-item-582\" class=\"menu-item menu-item-type-post_type menu-item-object-page menu-item-582\"><a href=\"https:\/\/hausarztpraxis-markgr\u00f6ningen.de\/?page_id=457\">Palliativmedizin<\/a><\/li>\n<\/ul>\n<\/li>\n<li id=\"menu-item-577\" class=\"menu-item menu-item-type-post_type menu-item-object-page menu-item-577\"><a href=\"https:\/\/hausarztpraxis-markgr\u00f6ningen.de\/?page_id=387\">Praxis<\/a><\/li>\n<li id=\"menu-item-723\" class=\"menu-item menu-item-type-post_type menu-item-object-page menu-item-723\"><a href=\"https:\/\/hausarztpraxis-markgr\u00f6ningen.de\/?page_id=721\">Aktuelles<\/a><\/li>\n<li id=\"menu-item-610\" class=\"menu-item menu-item-type-post_type menu-item-object-page menu-item-has-children menu-item-610\"><a href=\"https:\/\/hausarztpraxis-markgr\u00f6ningen.de\/?page_id=589\">Service<\/a>\n<ul class=\"sub-menu\">\n\t<li id=\"menu-item-615\" class=\"menu-item menu-item-type-post_type menu-item-object-page menu-item-615\"><a href=\"https:\/\/hausarztpraxis-markgr\u00f6ningen.de\/?page_id=312\">Kontakt<\/a><\/li>\n\t<li id=\"menu-item-614\" class=\"menu-item menu-item-type-post_type menu-item-object-page menu-item-614\"><a href=\"https:\/\/hausarztpraxis-markgr\u00f6ningen.de\/?page_id=493\">Anfahrt &#038; Parken<\/a><\/li>\n\t<li id=\"menu-item-612\" class=\"menu-item menu-item-type-post_type menu-item-object-page menu-item-612\"><a href=\"https:\/\/hausarztpraxis-markgr\u00f6ningen.de\/?page_id=521\">Rezepte &#038; \u00dcberweisungen<\/a><\/li>\n\t<li id=\"menu-item-613\" class=\"menu-item menu-item-type-post_type menu-item-object-page menu-item-613\"><a href=\"https:\/\/hausarztpraxis-markgr\u00f6ningen.de\/?page_id=499\">Notfall<\/a><\/li>\n\t<li id=\"menu-item-611\" class=\"menu-item menu-item-type-post_type menu-item-object-page menu-item-611\"><a href=\"https:\/\/hausarztpraxis-markgr\u00f6ningen.de\/?page_id=543\">Links<\/a><\/li>\n<\/ul>\n<\/li>\n<\/ul>                <button class=\"eael-simple-menu-toggle\">\n                    <span class=\"sr-only \">Hamburger Toggle Menu<\/span>\n                    <svg aria-hidden=\"true\" class=\"e-font-icon-svg e-fas-bars\" viewBox=\"0 0 448 512\" xmlns=\"http:\/\/www.w3.org\/2000\/svg\"><path d=\"M16 132h416c8.837 0 16-7.163 16-16V76c0-8.837-7.163-16-16-16H16C7.163 60 0 67.163 0 76v40c0 8.837 7.163 16 16 16zm0 160h416c8.837 0 16-7.163 16-16v-40c0-8.837-7.163-16-16-16H16c-8.837 0-16 7.163-16 16v40c0 8.837 7.163 16 16 16zm0 160h416c8.837 0 16-7.163 16-16v-40c0-8.837-7.163-16-16-16H16c-8.837 0-16 7.163-16 16v40c0 8.837 7.163 16 16 16z\"><\/path><\/svg>                <\/button>\n            <\/div>\n            \t\t\t\t<\/div>\n\t\t\t\t<\/div>\n\t\t\t\t<\/div>\n\t\t\t\t\t<\/div>\n\t\t\t\t<\/div>\n\t\t<div class=\"elementor-element elementor-element-c42c43f e-con-full e-flex e-con e-parent\" data-id=\"c42c43f\" data-element_type=\"container\" data-e-type=\"container\" data-settings=\"{&quot;background_background&quot;:&quot;classic&quot;}\">\n\t\t<div class=\"elementor-element elementor-element-c242fe2 e-flex e-con-boxed e-con e-child\" data-id=\"c242fe2\" data-element_type=\"container\" data-e-type=\"container\">\n\t\t\t\t\t<div class=\"e-con-inner\">\n\t\t\t\t<div class=\"elementor-element elementor-element-f9bb561 elementor-widget__width-initial elementor-widget elementor-widget-text-editor\" data-id=\"f9bb561\" data-element_type=\"widget\" data-e-type=\"widget\" data-widget_type=\"text-editor.default\">\n\t\t\t\t<div class=\"elementor-widget-container\">\n\t\t\t\t\t\t\t\t\t<div id=\"ce-8007\" class=\"ce-inside\"><h1><span style=\"color: #ffffff;\">Aktuelles<\/span><\/h1><\/div>\t\t\t\t\t\t\t\t<\/div>\n\t\t\t\t<\/div>\n\t\t\t\t\t<\/div>\n\t\t\t\t<\/div>\n\t\t\t\t<\/div>\n\t\t<div class=\"elementor-element elementor-element-0c93fbf e-flex e-con-boxed e-con e-parent\" data-id=\"0c93fbf\" data-element_type=\"container\" data-e-type=\"container\">\n\t\t\t\t\t<div class=\"e-con-inner\">\n\t\t\t\t<div class=\"elementor-element elementor-element-04254b3 elementor-widget elementor-widget-spacer\" data-id=\"04254b3\" data-element_type=\"widget\" data-e-type=\"widget\" data-widget_type=\"spacer.default\">\n\t\t\t\t<div class=\"elementor-widget-container\">\n\t\t\t\t\t\t\t<div class=\"elementor-spacer\">\n\t\t\t<div class=\"elementor-spacer-inner\"><\/div>\n\t\t<\/div>\n\t\t\t\t\t\t<\/div>\n\t\t\t\t<\/div>\n\t\t<div class=\"elementor-element elementor-element-bd2f06f e-con-full e-flex e-con e-child\" data-id=\"bd2f06f\" data-element_type=\"container\" data-e-type=\"container\">\n\t\t\t\t<div class=\"elementor-element elementor-element-08bf627 elementor-widget elementor-widget-image\" data-id=\"08bf627\" data-element_type=\"widget\" data-e-type=\"widget\" data-widget_type=\"image.default\">\n\t\t\t\t<div class=\"elementor-widget-container\">\n\t\t\t\t\t\t\t\t\t\t\t\t\t\t\t<img fetchpriority=\"high\" decoding=\"async\" width=\"800\" height=\"104\" src=\"https:\/\/hausarztpraxis-markgr\u00f6ningen.de\/wp-content\/uploads\/2025\/01\/Wir-informieren-Schatten.png\" class=\"attachment-large size-large wp-image-339\" alt=\"\" srcset=\"https:\/\/hausarztpraxis-markgr\u00f6ningen.de\/wp-content\/uploads\/2025\/01\/Wir-informieren-Schatten.png 850w, https:\/\/hausarztpraxis-markgr\u00f6ningen.de\/wp-content\/uploads\/2025\/01\/Wir-informieren-Schatten-300x39.png 300w, https:\/\/hausarztpraxis-markgr\u00f6ningen.de\/wp-content\/uploads\/2025\/01\/Wir-informieren-Schatten-768x99.png 768w\" sizes=\"(max-width: 800px) 100vw, 800px\" \/>\t\t\t\t\t\t\t\t\t\t\t\t\t\t\t<\/div>\n\t\t\t\t<\/div>\n\t\t\t\t<div class=\"elementor-element elementor-element-e403aff elementor-widget elementor-widget-text-editor\" data-id=\"e403aff\" data-element_type=\"widget\" data-e-type=\"widget\" data-widget_type=\"text-editor.default\">\n\t\t\t\t<div class=\"elementor-widget-container\">\n\t\t\t\t\t\t\t\t\t<h2 style=\"text-align: center;\">Aktuelles aus der Praxis<\/h2>\t\t\t\t\t\t\t\t<\/div>\n\t\t\t\t<\/div>\n\t\t\t\t<\/div>\n\t\t<div class=\"elementor-element elementor-element-cabdb05 e-con-full e-flex e-con e-child\" data-id=\"cabdb05\" data-element_type=\"container\" data-e-type=\"container\">\n\t\t\t\t<div class=\"elementor-element elementor-element-d8b9394 elementor-widget__width-initial elementor-position-top elementor-widget elementor-widget-image-box\" data-id=\"d8b9394\" data-element_type=\"widget\" data-e-type=\"widget\" data-widget_type=\"image-box.default\">\n\t\t\t\t<div class=\"elementor-widget-container\">\n\t\t\t\t\t<div class=\"elementor-image-box-wrapper\"><figure class=\"elementor-image-box-img\"><img decoding=\"async\" width=\"768\" height=\"307\" src=\"https:\/\/hausarztpraxis-markgr\u00f6ningen.de\/wp-content\/uploads\/2025\/01\/Links-wide-768x307.jpeg\" class=\"attachment-medium_large size-medium_large wp-image-549\" alt=\"\" srcset=\"https:\/\/hausarztpraxis-markgr\u00f6ningen.de\/wp-content\/uploads\/2025\/01\/Links-wide-768x307.jpeg 768w, https:\/\/hausarztpraxis-markgr\u00f6ningen.de\/wp-content\/uploads\/2025\/01\/Links-wide-300x120.jpeg 300w, https:\/\/hausarztpraxis-markgr\u00f6ningen.de\/wp-content\/uploads\/2025\/01\/Links-wide-1024x410.jpeg 1024w, https:\/\/hausarztpraxis-markgr\u00f6ningen.de\/wp-content\/uploads\/2025\/01\/Links-wide-1536x614.jpeg 1536w, https:\/\/hausarztpraxis-markgr\u00f6ningen.de\/wp-content\/uploads\/2025\/01\/Links-wide-2048x819.jpeg 2048w\" sizes=\"(max-width: 768px) 100vw, 768px\" \/><\/figure><div class=\"elementor-image-box-content\"><h3 class=\"elementor-image-box-title\">07.04.2025 - Neue Homepage ist online<\/h3><p class=\"elementor-image-box-description\">Endlich ist es soweit! Die Neue Homepage ist online und in vollem Umfang nutzbar. Wir werden die Inhalte noch um neue Bilder und weitere Inhalte erg\u00e4nzen.\nWir w\u00fcnschen viel Spa\u00df beim st\u00f6bern!<\/p><\/div><\/div>\t\t\t\t<\/div>\n\t\t\t\t<\/div>\n\t\t\t\t<div class=\"elementor-element elementor-element-4d0c6ad elementor-widget__width-initial elementor-position-top elementor-widget elementor-widget-image-box\" data-id=\"4d0c6ad\" data-element_type=\"widget\" data-e-type=\"widget\" data-widget_type=\"image-box.default\">\n\t\t\t\t<div class=\"elementor-widget-container\">\n\t\t\t\t\t<div class=\"elementor-image-box-wrapper\"><figure class=\"elementor-image-box-img\"><img decoding=\"async\" width=\"768\" height=\"509\" src=\"https:\/\/hausarztpraxis-markgr\u00f6ningen.de\/wp-content\/uploads\/2025\/04\/AdobeStock_129231475-768x509.jpeg\" class=\"attachment-medium_large size-medium_large wp-image-1184\" alt=\"\" srcset=\"https:\/\/hausarztpraxis-markgr\u00f6ningen.de\/wp-content\/uploads\/2025\/04\/AdobeStock_129231475-768x509.jpeg 768w, https:\/\/hausarztpraxis-markgr\u00f6ningen.de\/wp-content\/uploads\/2025\/04\/AdobeStock_129231475-300x199.jpeg 300w, https:\/\/hausarztpraxis-markgr\u00f6ningen.de\/wp-content\/uploads\/2025\/04\/AdobeStock_129231475-1024x678.jpeg 1024w, https:\/\/hausarztpraxis-markgr\u00f6ningen.de\/wp-content\/uploads\/2025\/04\/AdobeStock_129231475-1536x1017.jpeg 1536w, https:\/\/hausarztpraxis-markgr\u00f6ningen.de\/wp-content\/uploads\/2025\/04\/AdobeStock_129231475-2048x1357.jpeg 2048w\" sizes=\"(max-width: 768px) 100vw, 768px\" \/><\/figure><div class=\"elementor-image-box-content\"><h3 class=\"elementor-image-box-title\">01.04.2025 - Er\u00f6ffnung<\/h3><p class=\"elementor-image-box-description\">heute \u00f6ffnet die neue \"Haus\u00e4rztliche Gemeinschaftspraxis Markgr\u00f6ningen\".\nWir freuen uns so sehr, dass es endlich losgeht und hei\u00dfen Sie ab heute im Gerberg\u00e4\u00dfle 10 Herzlich Willkommen!<\/p><\/div><\/div>\t\t\t\t<\/div>\n\t\t\t\t<\/div>\n\t\t\t\t<\/div>\n\t\t\t\t\t<\/div>\n\t\t\t\t<\/div>\n\t\t<div class=\"elementor-element elementor-element-c4f4283 e-flex e-con-boxed e-con e-parent\" data-id=\"c4f4283\" data-element_type=\"container\" data-e-type=\"container\">\n\t\t\t\t\t<div class=\"e-con-inner\">\n\t\t\t\t<div class=\"elementor-element elementor-element-ffa19d4 elementor-widget elementor-widget-spacer\" data-id=\"ffa19d4\" data-element_type=\"widget\" data-e-type=\"widget\" data-widget_type=\"spacer.default\">\n\t\t\t\t<div class=\"elementor-widget-container\">\n\t\t\t\t\t\t\t<div class=\"elementor-spacer\">\n\t\t\t<div class=\"elementor-spacer-inner\"><\/div>\n\t\t<\/div>\n\t\t\t\t\t\t<\/div>\n\t\t\t\t<\/div>\n\t\t\t\t\t<\/div>\n\t\t\t\t<\/div>\n\t\t<div class=\"elementor-element elementor-element-a88239e e-flex e-con-boxed e-con e-parent\" data-id=\"a88239e\" data-element_type=\"container\" data-e-type=\"container\" data-settings=\"{&quot;background_background&quot;:&quot;classic&quot;}\">\n\t\t\t\t\t<div class=\"e-con-inner\">\n\t\t<div class=\"elementor-element elementor-element-1150417 e-grid e-con-full e-con e-child\" data-id=\"1150417\" data-element_type=\"container\" data-e-type=\"container\" data-settings=\"{&quot;background_background&quot;:&quot;classic&quot;}\">\n\t\t<div class=\"elementor-element elementor-element-73a4a76 e-con-full e-flex e-con e-child\" data-id=\"73a4a76\" data-element_type=\"container\" data-e-type=\"container\" data-settings=\"{&quot;background_background&quot;:&quot;classic&quot;}\">\n\t\t\t\t<\/div>\n\t\t\t\t<div class=\"elementor-element elementor-element-9f7523a elementor-widget elementor-widget-text-editor\" data-id=\"9f7523a\" data-element_type=\"widget\" data-e-type=\"widget\" data-widget_type=\"text-editor.default\">\n\t\t\t\t<div class=\"elementor-widget-container\">\n\t\t\t\t\t\t\t\t\t<div class=\"ce_sHtml5Start footer-col block\"><div class=\"ce_text block\"><div id=\"ce-7884\" class=\"ce-inside\"><h5>Telefonsprechzeiten<\/h5><table><tbody><tr><td><div>Mo<\/div><\/td><td><div>09:00\u201311:00 &amp; 15:00\u201317:00<\/div><\/td><\/tr><tr><td><div>Di<\/div><\/td><td><div>09:00\u201311:00 &amp; 15:00\u201317:00<\/div><\/td><\/tr><tr><td><div>Mi<\/div><\/td><td><div>09:00\u201311:00 &amp; 15:00\u201317:00<\/div><\/td><\/tr><tr><td><div>Do<\/div><\/td><td><div>09:00\u201311:00 &amp; 15:00\u201317:00<\/div><\/td><\/tr><tr><td><div>Fr<\/div><\/td><td><div>09:00\u201311:00<\/div><\/td><\/tr><\/tbody><\/table><\/div><\/div><\/div>\t\t\t\t\t\t\t\t<\/div>\n\t\t\t\t<\/div>\n\t\t\t\t<div class=\"elementor-element elementor-element-ba339c0 elementor-widget elementor-widget-text-editor\" data-id=\"ba339c0\" data-element_type=\"widget\" data-e-type=\"widget\" data-widget_type=\"text-editor.default\">\n\t\t\t\t<div class=\"elementor-widget-container\">\n\t\t\t\t\t\t\t\t\t<h5>Kontakt<\/h5><p>Haus\u00e4rztliche Gemeinschaftspraxis Markgr\u00f6ningen<\/p><p>Gerberg\u00e4\u00dfle 10<br \/>71706 Markgr\u00f6ningen<\/p><p><a href=\"tel:004971458098\">Telefon: 07145 8098<\/a><\/p><p><a href=\"&#x6d;a&#x69;&#108;&#x74;&#x6f;:&#x69;&#110;&#x66;&#x6f;&#64;&#x68;&#97;&#x75;&#x73;a&#x72;&#122;&#x74;&#x70;r&#x61;&#120;&#x69;&#x73;-&#x6d;&#97;&#x72;&#x6b;g&#x72;\u00f6&#x6e;i&#x6e;&#103;&#x65;&#x6e;&#46;&#x64;&#101;\">Inf&#111;&#64;&#72;&#97;&#x75;&#x73;&#x61;&#x72;&#x7a;&#x74;&#x70;rax&#105;&#115;&#45;&#77;&#97;&#x72;&#x6b;&#x67;&#x72;\u00f6ning&#101;&#110;&#46;&#100;&#x65;<\/a><\/p>\t\t\t\t\t\t\t\t<\/div>\n\t\t\t\t<\/div>\n\t\t\t\t<div class=\"elementor-element elementor-element-d40e157 elementor-widget elementor-widget-text-editor\" data-id=\"d40e157\" data-element_type=\"widget\" data-e-type=\"widget\" data-widget_type=\"text-editor.default\">\n\t\t\t\t<div class=\"elementor-widget-container\">\n\t\t\t\t\t\t\t\t\t<h5 class=\"ce_headline\">Hilfreiche Links<\/h5><p id=\"navi-footer\" class=\"mod_customnav navi block\"><a href=\"https:\/\/hausarztpraxis-markgr\u00f6ningen.de\/?page_id=312\">Kontakt &amp; Sprechzeiten<\/a><\/p><nav class=\"mod_customnav navi block\"><p><a href=\"https:\/\/hausarztpraxis-markgr\u00f6ningen.de\/?page_id=493\">Anfahrt &amp; Lage<\/a><\/p><p><a href=\"https:\/\/hausarztpraxis-markgr\u00f6ningen.de\/?page_id=521\">Rezepte &amp; \u00dcberweisungen<\/a><\/p><p><a href=\"https:\/\/hausarztpraxis-markgr\u00f6ningen.de\/?page_id=499\">Notfall<\/a><\/p><\/nav>\t\t\t\t\t\t\t\t<\/div>\n\t\t\t\t<\/div>\n\t\t\t\t<\/div>\n\t\t\t\t<div class=\"elementor-element elementor-element-0efa67a elementor-widget__width-inherit elementor-widget elementor-widget-text-editor\" data-id=\"0efa67a\" data-element_type=\"widget\" data-e-type=\"widget\" data-widget_type=\"text-editor.default\">\n\t\t\t\t<div class=\"elementor-widget-container\">\n\t\t\t\t\t\t\t\t\t<p>\u00a0<\/p><p>\u00a9 2025\u00a0\u00a0\u00a0 <a href=\"http:\/\/www.hausarztpraxis-markgr\u00f6ningen.de\/\">Haus\u00e4rztliche Gemeinschaftspraxis Markgr\u00f6ningen<\/a> \u00a0\u00a0 | \u00a0\u00a0 <a href=\"https:\/\/hausarztpraxis-markgr\u00f6ningen.de\/?page_id=1015\">Impressum<\/a> &amp; <a href=\"https:\/\/hausarztpraxis-markgr\u00f6ningen.de\/?page_id=1033\">Datenschutz<\/a>\u00a0<\/p>\t\t\t\t\t\t\t\t<\/div>\n\t\t\t\t<\/div>\n\t\t\t\t\t<\/div>\n\t\t\t\t<\/div>\n\t\t\t\t<\/div>\n\t\t","protected":false},"excerpt":{"rendered":"<p>Leistungen Allgemeinmedizin Kompliment\u00e4rmedizin Vorsorge Diagnostik Antr\u00e4ge Palliativmedizin Praxis Aktuelles Service Kontakt Anfahrt &#038; Parken Rezepte &#038; \u00dcberweisungen Notfall Links Hamburger Toggle Menu Aktuelles Aktuelles aus der Praxis 07.04.2025 &#8211; Neue Homepage ist online Endlich ist es soweit! Die Neue Homepage ist online und in vollem Umfang nutzbar. Wir werden die Inhalte noch um neue Bilder [&hellip;]<\/p>\n","protected":false},"author":1,"featured_media":0,"parent":0,"menu_order":0,"comment_status":"closed","ping_status":"closed","template":"elementor_canvas","meta":{"footnotes":""},"class_list":["post-721","page","type-page","status-publish","hentry"],"_links":{"self":[{"href":"https:\/\/hausarztpraxis-markgr\u00f6ningen.de\/index.php?rest_route=\/wp\/v2\/pages\/721","targetHints":{"allow":["GET"]}}],"collection":[{"href":"https:\/\/hausarztpraxis-markgr\u00f6ningen.de\/index.php?rest_route=\/wp\/v2\/pages"}],"about":[{"href":"https:\/\/hausarztpraxis-markgr\u00f6ningen.de\/index.php?rest_route=\/wp\/v2\/types\/page"}],"author":[{"embeddable":true,"href":"https:\/\/hausarztpraxis-markgr\u00f6ningen.de\/index.php?rest_route=\/wp\/v2\/users\/1"}],"replies":[{"embeddable":true,"href":"https:\/\/hausarztpraxis-markgr\u00f6ningen.de\/index.php?rest_route=%2Fwp%2Fv2%2Fcomments&post=721"}],"version-history":[{"count":25,"href":"https:\/\/hausarztpraxis-markgr\u00f6ningen.de\/index.php?rest_route=\/wp\/v2\/pages\/721\/revisions"}],"predecessor-version":[{"id":1497,"href":"https:\/\/hausarztpraxis-markgr\u00f6ningen.de\/index.php?rest_route=\/wp\/v2\/pages\/721\/revisions\/1497"}],"wp:attachment":[{"href":"https:\/\/hausarztpraxis-markgr\u00f6ningen.de\/index.php?rest_route=%2Fwp%2Fv2%2Fmedia&parent=721"}],"curies":[{"name":"wp","href":"https:\/\/api.w.org\/{rel}","templated":true}]}}